{"id":10597,"date":"2023-08-22T16:24:03","date_gmt":"2023-08-22T16:24:03","guid":{"rendered":"https:\/\/www.iberonex.com\/programas\/"},"modified":"2025-04-25T18:56:48","modified_gmt":"2025-04-25T18:56:48","slug":"programmes","status":"publish","type":"page","link":"https:\/\/www.iberonex.com\/fr\/programmes\/","title":{"rendered":"IBERONEX programmes"},"content":{"rendered":"","protected":false},"excerpt":{"rendered":"","protected":false},"author":1,"featured_media":9871,"parent":0,"menu_order":0,"comment_status":"closed","ping_status":"closed","template":"programas-grid-particulares.php","meta":{"footnotes":""},"class_list":["post-10597","page","type-page","status-publish","has-post-thumbnail","hentry"],"acf":[],"yoast_head":"<!-- This site is optimized with the Yoast SEO Premium plugin v24.5 (Yoast SEO v25.1) - https:\/\/yoast.com\/wordpress\/plugins\/seo\/ -->\n<title>D\u00e9couvrez nos programmes | IBERONEX<\/title>\n<meta name=\"description\" content=\"Notre large gamme de programmes compl\u00e9tera votre formation professionnelle. D\u00e9couvrez l&#039;ensemble de notre portefeuille ici.\" \/>\n<meta name=\"robots\" content=\"index, follow, max-snippet:-1, max-image-preview:large, max-video-preview:-1\" \/>\n<link rel=\"canonical\" href=\"https:\/\/www.iberonex.com\/fr\/programmes\/\" \/>\n<meta property=\"og:locale\" content=\"fr_FR\" \/>\n<meta property=\"og:type\" content=\"article\" \/>\n<meta property=\"og:title\" content=\"IBERONEX programmes\" \/>\n<meta property=\"og:description\" content=\"Notre large gamme de programmes compl\u00e9tera votre formation professionnelle. D\u00e9couvrez l&#039;ensemble de notre portefeuille ici.\" \/>\n<meta property=\"og:url\" content=\"https:\/\/www.iberonex.com\/fr\/programmes\/\" \/>\n<meta property=\"og:site_name\" content=\"IBERONEX\" \/>\n<meta property=\"article:modified_time\" content=\"2025-04-25T18:56:48+00:00\" \/>\n<meta property=\"og:image\" content=\"https:\/\/www.iberonex.com\/wp-content\/uploads\/2024\/01\/programas-de-educacion-continua-formacion.jpg\" \/>\n\t<meta property=\"og:image:width\" content=\"3476\" \/>\n\t<meta property=\"og:image:height\" content=\"2319\" \/>\n\t<meta property=\"og:image:type\" content=\"image\/jpeg\" \/>\n<meta name=\"twitter:card\" content=\"summary_large_image\" \/>\n<meta name=\"twitter:label1\" content=\"Dur\u00e9e de lecture estim\u00e9e\" \/>\n\t<meta name=\"twitter:data1\" content=\"1 minute\" \/>\n<!-- \/ Yoast SEO Premium plugin. -->","yoast_head_json":{"title":"D\u00e9couvrez nos programmes | IBERONEX","description":"Notre large gamme de programmes compl\u00e9tera votre formation professionnelle. D\u00e9couvrez l'ensemble de notre portefeuille ici.","robots":{"index":"index","follow":"follow","max-snippet":"max-snippet:-1","max-image-preview":"max-image-preview:large","max-video-preview":"max-video-preview:-1"},"canonical":"https:\/\/www.iberonex.com\/fr\/programmes\/","og_locale":"fr_FR","og_type":"article","og_title":"IBERONEX programmes","og_description":"Notre large gamme de programmes compl\u00e9tera votre formation professionnelle. D\u00e9couvrez l'ensemble de notre portefeuille ici.","og_url":"https:\/\/www.iberonex.com\/fr\/programmes\/","og_site_name":"IBERONEX","article_modified_time":"2025-04-25T18:56:48+00:00","og_image":[{"width":3476,"height":2319,"url":"https:\/\/www.iberonex.com\/wp-content\/uploads\/2024\/01\/programas-de-educacion-continua-formacion.jpg","type":"image\/jpeg"}],"twitter_card":"summary_large_image","twitter_misc":{"Dur\u00e9e de lecture estim\u00e9e":"1 minute"},"schema":{"@context":"https:\/\/schema.org","@graph":[{"@type":"WebPage","@id":"https:\/\/www.iberonex.com\/fr\/programmes\/","url":"https:\/\/www.iberonex.com\/fr\/programmes\/","name":"D\u00e9couvrez nos programmes | IBERONEX","isPartOf":{"@id":"https:\/\/www.iberonex.com\/fr\/#website"},"primaryImageOfPage":{"@id":"https:\/\/www.iberonex.com\/fr\/programmes\/#primaryimage"},"image":{"@id":"https:\/\/www.iberonex.com\/fr\/programmes\/#primaryimage"},"thumbnailUrl":"https:\/\/www.iberonex.com\/wp-content\/uploads\/2024\/01\/programas-de-educacion-continua-formacion.jpg","datePublished":"2023-08-22T16:24:03+00:00","dateModified":"2025-04-25T18:56:48+00:00","description":"Notre large gamme de programmes compl\u00e9tera votre formation professionnelle. D\u00e9couvrez l'ensemble de notre portefeuille ici.","breadcrumb":{"@id":"https:\/\/www.iberonex.com\/fr\/programmes\/#breadcrumb"},"inLanguage":"fr-FR","potentialAction":[{"@type":"ReadAction","target":["https:\/\/www.iberonex.com\/fr\/programmes\/"]}]},{"@type":"ImageObject","inLanguage":"fr-FR","@id":"https:\/\/www.iberonex.com\/fr\/programmes\/#primaryimage","url":"https:\/\/www.iberonex.com\/wp-content\/uploads\/2024\/01\/programas-de-educacion-continua-formacion.jpg","contentUrl":"https:\/\/www.iberonex.com\/wp-content\/uploads\/2024\/01\/programas-de-educacion-continua-formacion.jpg","width":3476,"height":2319},{"@type":"BreadcrumbList","@id":"https:\/\/www.iberonex.com\/fr\/programmes\/#breadcrumb","itemListElement":[{"@type":"ListItem","position":1,"name":"Portada","item":"https:\/\/www.iberonex.com\/fr\/"},{"@type":"ListItem","position":2,"name":"IBERONEX programmes"}]},{"@type":"WebSite","@id":"https:\/\/www.iberonex.com\/fr\/#website","url":"https:\/\/www.iberonex.com\/fr\/","name":"IBERONEX","description":"Universidades Internacionales Virtuales y Presenciales - Iberonex","potentialAction":[{"@type":"SearchAction","target":{"@type":"EntryPoint","urlTemplate":"https:\/\/www.iberonex.com\/fr\/?s={search_term_string}"},"query-input":{"@type":"PropertyValueSpecification","valueRequired":true,"valueName":"search_term_string"}}],"inLanguage":"fr-FR"}]}},"_links":{"self":[{"href":"https:\/\/www.iberonex.com\/fr\/wp-json\/wp\/v2\/pages\/10597","targetHints":{"allow":["GET"]}}],"collection":[{"href":"https:\/\/www.iberonex.com\/fr\/wp-json\/wp\/v2\/pages"}],"about":[{"href":"https:\/\/www.iberonex.com\/fr\/wp-json\/wp\/v2\/types\/page"}],"author":[{"embeddable":true,"href":"https:\/\/www.iberonex.com\/fr\/wp-json\/wp\/v2\/users\/1"}],"replies":[{"embeddable":true,"href":"https:\/\/www.iberonex.com\/fr\/wp-json\/wp\/v2\/comments?post=10597"}],"version-history":[{"count":8,"href":"https:\/\/www.iberonex.com\/fr\/wp-json\/wp\/v2\/pages\/10597\/revisions"}],"predecessor-version":[{"id":10964,"href":"https:\/\/www.iberonex.com\/fr\/wp-json\/wp\/v2\/pages\/10597\/revisions\/10964"}],"wp:featuredmedia":[{"embeddable":true,"href":"https:\/\/www.iberonex.com\/fr\/wp-json\/wp\/v2\/media\/9871"}],"wp:attachment":[{"href":"https:\/\/www.iberonex.com\/fr\/wp-json\/wp\/v2\/media?parent=10597"}],"curies":[{"name":"wp","href":"https:\/\/api.w.org\/{rel}","templated":true}]}}