{"id":10815,"date":"2023-09-10T15:20:58","date_gmt":"2023-09-10T15:20:58","guid":{"rendered":"https:\/\/www.iberonex.com\/?page_id=10815"},"modified":"2025-04-27T10:42:28","modified_gmt":"2025-04-27T10:42:28","slug":"lignes-action","status":"publish","type":"page","link":"https:\/\/www.iberonex.com\/fr\/lignes-action\/","title":{"rendered":"Lignes d\u2019action"},"content":{"rendered":"\n\n\n\n<div id=\"HeroOver\">\n<div class=\"container-fluid text-center mb-lg-1 mx-0 px-0 \" id=\"\">    \n\t<div class=\"row content mx-0 mr-0\">\n\t\t<div class=\"col-sm-12 text-left px-0\"> \n\t\t\t<div class=\"hero-wrap\">\n                                <div class=\"hero-img\" style=\"background-image:url(https:\/\/www.iberonex.com\/wp-content\/uploads\/2023\/08\/ibx-hero-fondo-scaled.jpg)\">\n                                        <div class=\"hero-overlay\" style=\"opacity: 0.4\"><\/div>\n                                <\/div>\n                             <div class=\"jumbo-texto\">\n                                 <div class=\"container px-xx\">\n                                    <div class=\"row py-4 py-lg-0\">\n                                        <div class=\"col-12 col-lg-6 pt-4 pt-0 text-start\">\n                                             <div class=\"jumbo-texto-wrap\">\n                                                <h1 class=\"font-1 text-white size-32 size-lg-40 w-400 text-start line-h-100 pb-0 mb-1 mb-lg-2\">\n                                                Lignes d\u2019action                                                <\/h1>\n                                                <p class=\"font-2 mt-0 mt-lg-0 size-24 size-lg-26 text-yellow line-h-110\">Nous croyons en la valeur de l\u2019internationalisation de l\u2019\u00e9ducation<\/p>\n                                            <\/div>\n                                        <\/div> \n                                        <div class=\"col-12 col-lg-6\">\n                                             <div class=\"hero-img-pill\" style=\"background-image:url(https:\/\/www.iberonex.com\/wp-content\/uploads\/2023\/11\/ix-interior-2-1150x675.jpg)\"><\/div>\n                                        <\/div>\n                                    <\/div>\n                                 \n                                 <\/div>\n                                \n                            <\/div>\n                        <\/div>\n\t\t<\/div>\n\t<\/div>\n<\/div>\n<\/div><!-- fin HeroOver -->\n\n\n\n    <section class=\"breadcrumb pt-3 pb-1\" id=\"\">\n        <div class=\"container\">\n            <div class=\"row\">\n                <ul class=\"\">\n                    <li><a href=\"https:\/\/www.iberonex.com\/fr\/\">Accueil<\/a><\/li>\n\t\t\t\t\t<li class=''>Lignes d\u2019action<\/li>                <\/ul>\n            <\/div>\n            <hr>\n        <\/div>     \n    <\/section>\n\n\n\n\n\n\n\n\n\n<div class=\"block-text block-texto-rows py-4 py-lg-6  \" id=\"\"><!-- h-element- -->\n\t<div class=\"container px-xx pt-1 pb-1 py-lg-1\">  \n    \n        \n            <div class=\"row w-inerith\">\n                <div class=\"col-12 col-lg-4 col-der pr-0 pr-lg-3\">\n                    <h2 class=\"mb-4 mb-lg-0\">\n                    Internationalisation<br \/>\r\nde l&rsquo;\u00e9ducation<\/h2>\n                <\/div>\n                <div class=\"col-12 col-lg-8 col-izq\">\n\n            <!--\/\/\/\/\/\/\/\/\/\/\/\/\/\/\/\/\/\/\/\/\/\/\/\/\/\/\/\/\/\/\/-->\n\n                    \n                <div class=\"row py-0  pb-0 \">\n                    <div class=\"col block-texto-rows-subtitle text-start line-h-110\">\n                    <p>Notre engagement en faveur de l&rsquo;internationalisation d\u00e9passe les fronti\u00e8res. Chez IBERONEX<strong>, nous croyons en une transformation globale de l&rsquo;\u00e9ducation<\/strong>. Nous cherchons \u00e0 offrir des exp\u00e9riences d&rsquo;apprentissage enrichissantes et collaboratives qui transcendent les barri\u00e8res culturelles et g\u00e9ographiques.<\/p>\n<p>Nous connectons les esprits et les talents pour stimuler la croissance et le d\u00e9veloppement des individus et des organisations dans un monde de plus en plus interconnect\u00e9. Cette approche nous pousse \u00e0 promouvoir la diversit\u00e9 des perspectives et le <strong>partage des connaissances <\/strong>en tant que moteurs du progr\u00e8s dans l&rsquo;\u00e9ducation.<\/p>\n                        \n                                            \n                    <\/div>                \n                <\/div>\n             \n             <!--\/\/\/\/\/\/\/\/\/\/\/\/\/\/\/\/\/\/\/\/\/\/\/\/\/\/\/\/\/\/\/-->   \n                    \n                     \n        \n        \n  \n        <!--\/\/\/\/\/\/\/\/\/\/\/\/\/\/\/\/\/\/\/\/\/\/\/\/\/\/\/\/\/\/\/-->\n        <\/div>\n<\/div>\n        \n        \n\t<\/div>\n<\/div>\n\n\n\n\n\n\n<div class=\"ElementosIconos\">\n<div class=\"block-text py-5 py-lg-5 f-light-blue \" id=\"\">  \n    <div class=\"container px-xx\">\n                <div class=\"row row-titular\">\n                    <div class=\"col \">\n                                                    <small class=\"pretitular\">Faciliter, Encourager et Soutenir<\/small>\n                                                    \n                        <h2>Lignes d&rsquo;action<\/h2>\n                    <\/div>\n                <\/div>\n              \n              \n        \n\n                                       \n                <div class=\"row-elementos-list row-elementos-list-3\">\n                             \n                            \n                        <div class=\"col-elemento\">\n                            <div class=\"elemento_wrap\">\n                                <div class=\"elemento_pill\">\n                                     <div class=\"elemento-icono\" style=\"background-image: url( https:\/\/www.iberonex.com\/wp-content\/uploads\/2023\/09\/icon1.png)\"><\/div>\n                                     <div class=\"elemento-contenido\"><p><strong>La formation comme moyen de d\u00e9veloppement de l&rsquo;\u00e9ducation<\/strong><\/p>\n<p>&nbsp;<\/p>\n<p>Nous d\u00e9veloppons une offre de formation unique et internationale dans les domaines de connaissance les plus demand\u00e9s, orient\u00e9e vers le d\u00e9veloppement des comp\u00e9tences \u00e0 travers une exp\u00e9rience pratique et multiculturelle.<\/p>\n<\/div>\n                                <\/div>\n                            <\/div>\n                        <\/div>\n\n                            \n                        <div class=\"col-elemento\">\n                            <div class=\"elemento_wrap\">\n                                <div class=\"elemento_pill\">\n                                     <div class=\"elemento-icono\" style=\"background-image: url( https:\/\/www.iberonex.com\/wp-content\/uploads\/2023\/09\/icon2.png)\"><\/div>\n                                     <div class=\"elemento-contenido\"><p><strong>La collaboration<br \/>\nen tant que lien<\/strong><\/p>\n<p>&nbsp;<\/p>\n<p>Nous sommes un \u00e9cosyst\u00e8me mondial d&rsquo;institutions universitaires, d&rsquo;entreprises et d&rsquo;organisations internationales cr\u00e9\u00e9 pour interagir ensemble et g\u00e9n\u00e9rer des synergies autour de la formation.<\/p>\n<\/div>\n                                <\/div>\n                            <\/div>\n                        <\/div>\n\n                            \n                        <div class=\"col-elemento\">\n                            <div class=\"elemento_wrap\">\n                                <div class=\"elemento_pill\">\n                                     <div class=\"elemento-icono\" style=\"background-image: url( https:\/\/www.iberonex.com\/wp-content\/uploads\/2023\/09\/icon3.png)\"><\/div>\n                                     <div class=\"elemento-contenido\"><p><strong>La connaissance, cl\u00e9 de la croissance<\/strong><\/p>\n<p>&nbsp;<\/p>\n<p>Nous promouvons l&rsquo;internationalisation \u00e0 la port\u00e9e de tous. Nous permettons aux milieux universitaires d&rsquo;acc\u00e9der \u00e0 des contenus de r\u00e9f\u00e9rence internationaux.<\/p>\n<\/div>\n                                <\/div>\n                            <\/div>\n                        <\/div>\n\n                                     <\/div>\n        \n                              \n \n              \n              \n              \n   \n    <\/div>\n<\/div>\n<\/div>\n\n\n\n\n\n\n\n\n\n\n\n<div class=\"block-separador py-3 py-lg-4  \" id=\"\">\n    <div class=\"container   px-xx\">\n        <div class=\"row\">\n            <div class=\"col\">\n                 \n            <\/div>\n        <\/div>\n    <\/div>\n<\/div>\n\n\n\n\n\n\n\n<div class=\"Block-Txt-Video Block-Txt-Imagen-Slider align-der align-izq\">\n    <div class=\"\">\n        <div class=\"block-text block-texto-cols py-0 py-lg-3  \" id=\"\">\n            <div class=\"container px-xx\">\n                <div class=\"row alto-5\">\n                    \n                    \n                     <div class=\"col-12  col-lg-6 block-txt-img\">\n                    \n                        \n                        \n                        \n                        \n                        \n                        <div class=\"BlkImgSlider num-slides-1 mb-4 mb-lg-0\">\n                        \n                                    \n                        \n                             \n                                       <div class=\"Block-Txt-Img-Fondo  \" style=\"background-image: url(https:\/\/www.iberonex.com\/wp-content\/uploads\/2023\/11\/ix-interior-4-1150x675.jpg)\">\n                            \n                    \n                          \n                    \n                    \n                    <\/div>\n                       \n\n                                                    \n                                            \n                        \n                        \n                        \n                        \n                        \n                        \n                        \n                        \n                        \n                        \n                        \n                        <\/div>\n                        \n                        \n                    <\/div>\n                    \n                    \n                                        \n                        <div class=\"col-12 col-lg-6 block-txt-video-text\">\n                            <div class=\"\">\n                                 <h2>Nous sommes responsables<\/h2>\n<p>Nos \u00e9quipes multiculturelles refl\u00e8tent notre diversit\u00e9 et notre richesse mondiale. Nous cr\u00e9ons une communaut\u00e9 ouverte, accessible et collaborative, o\u00f9 les id\u00e9es, les connaissances et les ressources sont partag\u00e9es pour favoriser la croissance collective.<\/p>\n\n                                \n                            <\/div>\n                        <\/div>\n\n                    \n                <\/div>\n            <\/div>\n        <\/div>\n    <\/div>\n<\/div>\n\n\n\n\n\n\n<div class=\"Block-Txt-Video Block-Txt-Imagen-Slider align-der align-der\">\n    <div class=\"\">\n        <div class=\"block-text block-texto-cols py-0 py-lg-4  \" id=\"\">\n            <div class=\"container px-xx\">\n                <div class=\"row alto-5\">\n                    \n                    \n                     <div class=\"col-12  col-lg-6 block-txt-img\">\n                    \n                        \n                        \n                        \n                        \n                        \n                        <div class=\"BlkImgSlider num-slides-1 mb-4 mb-lg-0\">\n                        \n                                    \n                        \n                             \n                                       <div class=\"Block-Txt-Img-Fondo  \" style=\"background-image: url(https:\/\/www.iberonex.com\/wp-content\/uploads\/2023\/11\/ix-interior-3b-1150x675.jpg)\">\n                            \n                    \n                          \n                    \n                    \n                    <\/div>\n                       \n\n                                                    \n                                            \n                        \n                        \n                        \n                        \n                        \n                        \n                        \n                        \n                        \n                        \n                        \n                        <\/div>\n                        \n                        \n                    <\/div>\n                    \n                    \n                                        \n                        <div class=\"col-12 col-lg-6 block-txt-video-text\">\n                            <div class=\"\">\n                                 <h2>Nous sommes internationaux<\/h2>\n<p>Nous favorisons l&rsquo;internationalisation en cr\u00e9ant des connexions mondiales au sein de notre r\u00e9seau, en promouvant une pens\u00e9e mondiale adapt\u00e9e aux d\u00e9fis du march\u00e9 du travail international et pr\u00e9par\u00e9e \u00e0 un monde de plus en plus interconnect\u00e9.<\/p>\n\n                                \n                            <\/div>\n                        <\/div>\n\n                    \n                <\/div>\n            <\/div>\n        <\/div>\n    <\/div>\n<\/div>\n\n\n\n\n\n\n<div class=\"Block-Txt-Video Block-Txt-Imagen-Slider align-der align-izq\">\n    <div class=\"\">\n        <div class=\"block-text block-texto-cols py-0 py-lg-4  \" id=\"\">\n            <div class=\"container px-xx\">\n                <div class=\"row alto-5\">\n                    \n                    \n                     <div class=\"col-12  col-lg-6 block-txt-img\">\n                    \n                        \n                        \n                        \n                        \n                        \n                        <div class=\"BlkImgSlider num-slides-1 mb-4 mb-lg-0\">\n                        \n                                    \n                        \n                             \n                                       <div class=\"Block-Txt-Img-Fondo  \" style=\"background-image: url(https:\/\/www.iberonex.com\/wp-content\/uploads\/2023\/11\/ix-interior-5-1150x675.jpg)\">\n                            \n                    \n                          \n                    \n                    \n                    <\/div>\n                       \n\n                                                    \n                                            \n                        \n                        \n                        \n                        \n                        \n                        \n                        \n                        \n                        \n                        \n                        \n                        <\/div>\n                        \n                        \n                    <\/div>\n                    \n                    \n                                        \n                        <div class=\"col-12 col-lg-6 block-txt-video-text\">\n                            <div class=\"\">\n                                 <h2>Nous sommes des transformateurs<\/h2>\n<p>Nous consid\u00e9rons chaque d\u00e9fi comme une occasion d&rsquo;innover. Notre capacit\u00e9 \u00e0 remettre en question le statu quo et \u00e0 nous adapter au changement refl\u00e8te notre passion pour l&rsquo;am\u00e9lioration continue dans tout ce que nous faisons.<\/p>\n\n                                \n                            <\/div>\n                        <\/div>\n\n                    \n                <\/div>\n            <\/div>\n        <\/div>\n    <\/div>\n<\/div>\n\n\n\n\n\n\n<div class=\"Block-Txt-Video Block-Txt-Imagen-Slider align-der align-der\">\n    <div class=\"\">\n        <div class=\"block-text block-texto-cols py-0 py-lg-4  \" id=\"\">\n            <div class=\"container px-xx\">\n                <div class=\"row alto-5\">\n                    \n                    \n                     <div class=\"col-12  col-lg-6 block-txt-img\">\n                    \n                        \n                        \n                        \n                        \n                        \n                        <div class=\"BlkImgSlider num-slides-1 mb-4 mb-lg-0\">\n                        \n                                    \n                        \n                             \n                                       <div class=\"Block-Txt-Img-Fondo  \" style=\"background-image: url(https:\/\/www.iberonex.com\/wp-content\/uploads\/2023\/11\/slide-2-desktop-1200x675.jpg)\">\n                            \n                    \n                          \n                    \n                    \n                    <\/div>\n                       \n\n                                                    \n                                            \n                        \n                        \n                        \n                        \n                        \n                        \n                        \n                        \n                        \n                        \n                        \n                        <\/div>\n                        \n                        \n                    <\/div>\n                    \n                    \n                                        \n                        <div class=\"col-12 col-lg-6 block-txt-video-text\">\n                            <div class=\"\">\n                                 <h2>Nous sommes connect\u00e9s<\/h2>\n<p>Nous cultivons un environnement respectueux et inclusif o\u00f9 les personnes, les cultures et les institutions convergent, favorisant l&rsquo;enrichissement mutuel et renfor\u00e7ant les liens qui nous permettent de grandir ensemble.<\/p>\n\n                                \n                            <\/div>\n                        <\/div>\n\n                    \n                <\/div>\n            <\/div>\n        <\/div>\n    <\/div>\n<\/div>\n\n\n\n\n\n\n\n<div class=\"block-separador py-3 py-lg-4  \" id=\"\">\n    <div class=\"container   px-xx\">\n        <div class=\"row\">\n            <div class=\"col\">\n                 \n            <\/div>\n        <\/div>\n    <\/div>\n<\/div>\n\n","protected":false},"excerpt":{"rendered":"","protected":false},"author":2,"featured_media":0,"parent":0,"menu_order":0,"comment_status":"closed","ping_status":"closed","template":"","meta":{"footnotes":""},"class_list":["post-10815","page","type-page","status-publish","hentry"],"acf":[],"yoast_head":"<!-- This site is optimized with the Yoast SEO Premium plugin v24.5 (Yoast SEO v25.1) - https:\/\/yoast.com\/wordpress\/plugins\/seo\/ -->\n<title>Lignes d\u2019action - IBERONEX<\/title>\n<meta name=\"description\" content=\"Nous offrons une formation internationale, une collaboration et des connaissances pour stimuler la croissance \u00e9ducative.\" \/>\n<meta name=\"robots\" content=\"index, follow, max-snippet:-1, max-image-preview:large, max-video-preview:-1\" \/>\n<link rel=\"canonical\" href=\"https:\/\/www.iberonex.com\/fr\/lignes-action\/\" \/>\n<meta property=\"og:locale\" content=\"fr_FR\" \/>\n<meta property=\"og:type\" content=\"article\" \/>\n<meta property=\"og:title\" content=\"Lignes d\u2019action\" \/>\n<meta property=\"og:description\" content=\"Nous offrons une formation internationale, une collaboration et des connaissances pour stimuler la croissance \u00e9ducative.\" \/>\n<meta property=\"og:url\" content=\"https:\/\/www.iberonex.com\/fr\/lignes-action\/\" \/>\n<meta property=\"og:site_name\" content=\"IBERONEX\" \/>\n<meta property=\"article:modified_time\" content=\"2025-04-27T10:42:28+00:00\" \/>\n<meta name=\"twitter:card\" content=\"summary_large_image\" \/>\n<!-- \/ Yoast SEO Premium plugin. -->","yoast_head_json":{"title":"Lignes d\u2019action - IBERONEX","description":"Nous offrons une formation internationale, une collaboration et des connaissances pour stimuler la croissance \u00e9ducative.","robots":{"index":"index","follow":"follow","max-snippet":"max-snippet:-1","max-image-preview":"max-image-preview:large","max-video-preview":"max-video-preview:-1"},"canonical":"https:\/\/www.iberonex.com\/fr\/lignes-action\/","og_locale":"fr_FR","og_type":"article","og_title":"Lignes d\u2019action","og_description":"Nous offrons une formation internationale, une collaboration et des connaissances pour stimuler la croissance \u00e9ducative.","og_url":"https:\/\/www.iberonex.com\/fr\/lignes-action\/","og_site_name":"IBERONEX","article_modified_time":"2025-04-27T10:42:28+00:00","twitter_card":"summary_large_image","schema":{"@context":"https:\/\/schema.org","@graph":[{"@type":"WebPage","@id":"https:\/\/www.iberonex.com\/fr\/lignes-action\/","url":"https:\/\/www.iberonex.com\/fr\/lignes-action\/","name":"Lignes d\u2019action - IBERONEX","isPartOf":{"@id":"https:\/\/www.iberonex.com\/fr\/#website"},"datePublished":"2023-09-10T15:20:58+00:00","dateModified":"2025-04-27T10:42:28+00:00","description":"Nous offrons une formation internationale, une collaboration et des connaissances pour stimuler la croissance \u00e9ducative.","breadcrumb":{"@id":"https:\/\/www.iberonex.com\/fr\/lignes-action\/#breadcrumb"},"inLanguage":"fr-FR","potentialAction":[{"@type":"ReadAction","target":["https:\/\/www.iberonex.com\/fr\/lignes-action\/"]}]},{"@type":"BreadcrumbList","@id":"https:\/\/www.iberonex.com\/fr\/lignes-action\/#breadcrumb","itemListElement":[{"@type":"ListItem","position":1,"name":"Portada","item":"https:\/\/www.iberonex.com\/fr\/"},{"@type":"ListItem","position":2,"name":"Lignes d\u2019action"}]},{"@type":"WebSite","@id":"https:\/\/www.iberonex.com\/fr\/#website","url":"https:\/\/www.iberonex.com\/fr\/","name":"IBERONEX","description":"Universidades Internacionales Virtuales y Presenciales - Iberonex","potentialAction":[{"@type":"SearchAction","target":{"@type":"EntryPoint","urlTemplate":"https:\/\/www.iberonex.com\/fr\/?s={search_term_string}"},"query-input":{"@type":"PropertyValueSpecification","valueRequired":true,"valueName":"search_term_string"}}],"inLanguage":"fr-FR"}]}},"_links":{"self":[{"href":"https:\/\/www.iberonex.com\/fr\/wp-json\/wp\/v2\/pages\/10815","targetHints":{"allow":["GET"]}}],"collection":[{"href":"https:\/\/www.iberonex.com\/fr\/wp-json\/wp\/v2\/pages"}],"about":[{"href":"https:\/\/www.iberonex.com\/fr\/wp-json\/wp\/v2\/types\/page"}],"author":[{"embeddable":true,"href":"https:\/\/www.iberonex.com\/fr\/wp-json\/wp\/v2\/users\/2"}],"replies":[{"embeddable":true,"href":"https:\/\/www.iberonex.com\/fr\/wp-json\/wp\/v2\/comments?post=10815"}],"version-history":[{"count":20,"href":"https:\/\/www.iberonex.com\/fr\/wp-json\/wp\/v2\/pages\/10815\/revisions"}],"predecessor-version":[{"id":11069,"href":"https:\/\/www.iberonex.com\/fr\/wp-json\/wp\/v2\/pages\/10815\/revisions\/11069"}],"wp:attachment":[{"href":"https:\/\/www.iberonex.com\/fr\/wp-json\/wp\/v2\/media?parent=10815"}],"curies":[{"name":"wp","href":"https:\/\/api.w.org\/{rel}","templated":true}]}}