{"id":10836,"date":"2023-09-10T15:57:47","date_gmt":"2023-09-10T15:57:47","guid":{"rendered":"https:\/\/www.iberonex.com\/?page_id=10836"},"modified":"2025-11-28T08:25:09","modified_gmt":"2025-11-28T08:25:09","slug":"organe-de-gouvernance","status":"publish","type":"page","link":"https:\/\/www.iberonex.com\/fr\/organe-de-gouvernance\/","title":{"rendered":"Organe de gouvernance"},"content":{"rendered":"\n\n\n\n<div id=\"HeroOver\">\n<div class=\"container-fluid text-center mb-lg-1 mx-0 px-0 \" id=\"\">    \n\t<div class=\"row content mx-0 mr-0\">\n\t\t<div class=\"col-sm-12 text-left px-0\"> \n\t\t\t<div class=\"hero-wrap\">\n                                <div class=\"hero-img\" style=\"background-image:url(https:\/\/www.iberonex.com\/wp-content\/uploads\/2023\/08\/ibx-hero-fondo-scaled.jpg)\">\n                                        <div class=\"hero-overlay\" style=\"opacity: 0.4\"><\/div>\n                                <\/div>\n                             <div class=\"jumbo-texto\">\n                                 <div class=\"container px-xx\">\n                                    <div class=\"row py-4 py-lg-0\">\n                                        <div class=\"col-12 col-lg-6 pt-4 pt-0 text-start\">\n                                             <div class=\"jumbo-texto-wrap\">\n                                                <h1 class=\"font-1 text-white size-32 size-lg-40 w-400 text-start line-h-100 pb-0 mb-1 mb-lg-2\">\n                                                Organe de gouvernance                                                <\/h1>\n                                                <p class=\"font-2 mt-0 mt-lg-0 size-24 size-lg-26 text-yellow line-h-110\">Nous croyons en la coop\u00e9ration<\/p>\n                                            <\/div>\n                                        <\/div> \n                                        <div class=\"col-12 col-lg-6\">\n                                             <div class=\"hero-img-pill\" style=\"background-image:url(https:\/\/www.iberonex.com\/wp-content\/uploads\/2023\/11\/ix-interior-6b-1150x675.jpg)\"><\/div>\n                                        <\/div>\n                                    <\/div>\n                                 \n                                 <\/div>\n                                \n                            <\/div>\n                        <\/div>\n\t\t<\/div>\n\t<\/div>\n<\/div>\n<\/div><!-- fin HeroOver -->\n\n\n\n    <section class=\"breadcrumb pt-3 pb-1\" id=\"\">\n        <div class=\"container\">\n            <div class=\"row\">\n                <ul class=\"\">\n                    <li><a href=\"https:\/\/www.iberonex.com\/fr\/\">Accueil<\/a><\/li>\n\t\t\t\t\t<li class=''>Organe de gouvernance<\/li>                <\/ul>\n            <\/div>\n            <hr>\n        <\/div>     \n    <\/section>\n\n\n\n\n\n\n<div class=\"block-text py-0 py-lg-4  \" id=\"\"><!-- h-element- -->\n    <div class=\"container px-xx py-0\">\n\n        <div class=\"row\">\n\n\n\n                            <div class=\"col-12 col-izq\">\n                    \n\n\n\n                    <p><strong>IBERONEX <\/strong>dispose d&rsquo;une structure organisationnelle qui comprend un <strong>conseil consultatif <\/strong>et un <strong>comit\u00e9 de gestion<\/strong>. Ceux-ci jouent un r\u00f4le crucial en fournissant une orientation strat\u00e9gique et des conseils d&rsquo;experts dans la formulation et la mise en \u0153uvre d&rsquo;initiatives qui promeuvent les objectifs et les buts du r\u00e9seau.<\/p>\n<p>Leur formation r\u00e9pond \u00e0 la n\u00e9cessit\u00e9 d&rsquo;int\u00e9grer diverses perspectives et domaines d&rsquo;expertise. Les \u00e9l\u00e9ments cl\u00e9s qui composent ces comit\u00e9s sont d\u00e9taill\u00e9s ci-dessous.<\/p>\n                    \n\n                                <\/div>\n            \n\n\n\n        <\/div>\n    <\/div>\n<\/div>\n\n\n\n\n\n\n\n\n\n\n<div class=\"block-text block-texto-rows py-4 py-lg-4 f-light-blue \" id=\"\"><!-- h-element- -->\n\t<div class=\"container px-xx pt-1 pb-1 py-lg-1\">  \n    \n        \n            <div class=\"row w-inerith\">\n                <div class=\"col-12 col-lg-4 col-der pr-0 pr-lg-3\">\n                    <h2 class=\"mb-4 mb-lg-0\">\n                    Conseil Consultatif<\/h2>\n                <\/div>\n                <div class=\"col-12 col-lg-8 col-izq\">\n\n            <!--\/\/\/\/\/\/\/\/\/\/\/\/\/\/\/\/\/\/\/\/\/\/\/\/\/\/\/\/\/\/\/-->\n\n                    \n                <div class=\"row py-0  pb-0 \">\n                    <div class=\"col block-texto-rows-subtitle text-start line-h-110\">\n                    <p>Le conseil consultatif joue le r\u00f4le d&rsquo;organe consultatif pour les orientations, les projets et les activit\u00e9s visant \u00e0 atteindre les objectifs du r\u00e9seau.<\/p>\n<p>Ses principales responsabilit\u00e9s sont les suivantes<\/p>\n<ul>\n<li>Renforcer le r\u00e9seau IBERONEX et pr\u00e9server sa r\u00e9putation.<\/li>\n<li>Fournir des conseils sur le d\u00e9veloppement des lignes d&rsquo;action et des commissions de travail d&rsquo;IBERONEX.<\/li>\n<\/ul>\n<p>Ce Conseil est compos\u00e9 de recteurs d&rsquo;universit\u00e9s membres et de repr\u00e9sentants d&rsquo;organisations et d&rsquo;entreprises faisant partie du r\u00e9seau, ce qui garantit la pluralit\u00e9 des perspectives au sein de l&rsquo;\u00e9cosyst\u00e8me du r\u00e9seau.<\/p>\n<p>Le conseil d&rsquo;administration se r\u00e9unit r\u00e9guli\u00e8rement deux fois par an, avec la possibilit\u00e9 de convoquer des r\u00e9unions extraordinaires si n\u00e9cessaire. Les membres sont s\u00e9lectionn\u00e9s sur la base de crit\u00e8res li\u00e9s \u00e0 leur pays d&rsquo;origine ou \u00e0 leur entit\u00e9, et sont choisis en fonction des besoins et des crit\u00e8res identifi\u00e9s par le comit\u00e9 de direction. Le renouvellement des membres a lieu tous les deux ans.<\/p>\n                        \n                                            \n                    <\/div>                \n                <\/div>\n             \n             <!--\/\/\/\/\/\/\/\/\/\/\/\/\/\/\/\/\/\/\/\/\/\/\/\/\/\/\/\/\/\/\/-->   \n                    \n                     \n        \n        \n  \n        <!--\/\/\/\/\/\/\/\/\/\/\/\/\/\/\/\/\/\/\/\/\/\/\/\/\/\/\/\/\/\/\/-->\n        <\/div>\n<\/div>\n        \n        \n\t<\/div>\n<\/div>\n\n\n\n\n\n\n\n\n\n\n<div class=\"block-text block-texto-rows py-4 py-lg-4 blanco \" id=\"\"><!-- h-element- -->\n\t<div class=\"container px-xx pt-1 pb-1 py-lg-1\">  \n    \n        \n            <div class=\"row w-inerith\">\n                <div class=\"col-12 col-lg-4 col-der pr-0 pr-lg-3\">\n                    <h2 class=\"mb-4 mb-lg-0\">\n                    Comit\u00e9 de Pilotage<\/h2>\n                <\/div>\n                <div class=\"col-12 col-lg-8 col-izq\">\n\n            <!--\/\/\/\/\/\/\/\/\/\/\/\/\/\/\/\/\/\/\/\/\/\/\/\/\/\/\/\/\/\/\/-->\n\n                    \n                <div class=\"row py-0  pb-0 \">\n                    <div class=\"col block-texto-rows-subtitle text-start line-h-110\">\n                    <p>Le comit\u00e9 de Pilotage est l&rsquo;organe de gestion essentiel du r\u00e9seau IBERONEX.<\/p>\n<p><strong>Objectifs :<\/strong><\/p>\n<ul>\n<li>Veiller \u00e0 ce que les objectifs du r\u00e9seau soient atteints.<\/li>\n<li>Veiller \u00e0 l&rsquo;excellence du contenu partag\u00e9 et diffus\u00e9 par le r\u00e9seau.<\/li>\n<li>Veiller au bon d\u00e9veloppement des lignes d&rsquo;action du r\u00e9seau.<\/li>\n<li>Coordonner les activit\u00e9s et \u00e9v\u00e9nements annuels de mise en r\u00e9seau.<\/li>\n<li>Diriger les commissions de travail.<\/li>\n<\/ul>\n<p><strong>\u00c9quipement :<\/strong><\/p>\n<ul>\n<li>Adresse.<\/li>\n<li>Marketing et communication.<\/li>\n<li>Acad\u00e9mique.<\/li>\n<li>Secr\u00e9tariat g\u00e9n\u00e9ral.<\/li>\n<li>Financi\u00e8re.<\/li>\n<li>Relations et accords institutionnels.<\/li>\n<\/ul>\n<p>&nbsp;<\/p>\n<p>&nbsp;<\/p>\n                        \n                                            \n                    <\/div>                \n                <\/div>\n             \n             <!--\/\/\/\/\/\/\/\/\/\/\/\/\/\/\/\/\/\/\/\/\/\/\/\/\/\/\/\/\/\/\/-->   \n                    \n                     \n        \n        \n  \n        <!--\/\/\/\/\/\/\/\/\/\/\/\/\/\/\/\/\/\/\/\/\/\/\/\/\/\/\/\/\/\/\/-->\n        <\/div>\n<\/div>\n        \n        \n\t<\/div>\n<\/div>\n\n\n","protected":false},"excerpt":{"rendered":"","protected":false},"author":2,"featured_media":0,"parent":0,"menu_order":0,"comment_status":"closed","ping_status":"closed","template":"","meta":{"footnotes":""},"class_list":["post-10836","page","type-page","status-publish","hentry"],"acf":[],"yoast_head":"<!-- This site is optimized with the Yoast SEO Premium plugin v24.5 (Yoast SEO v25.1) - https:\/\/yoast.com\/wordpress\/plugins\/seo\/ -->\n<title>Organe de gouvernance - IBERONEX<\/title>\n<meta name=\"description\" content=\"Apprenez-en plus sur la structure de gouvernance d\u2019Iberonex et son engagement envers une \u00e9ducation internationale de qualit\u00e9.\" \/>\n<meta name=\"robots\" content=\"index, follow, max-snippet:-1, max-image-preview:large, max-video-preview:-1\" \/>\n<link rel=\"canonical\" href=\"https:\/\/www.iberonex.com\/fr\/organe-de-gouvernance\/\" \/>\n<meta property=\"og:locale\" content=\"fr_FR\" \/>\n<meta property=\"og:type\" content=\"article\" \/>\n<meta property=\"og:title\" content=\"Organe de gouvernance\" \/>\n<meta property=\"og:description\" content=\"Apprenez-en plus sur la structure de gouvernance d\u2019Iberonex et son engagement envers une \u00e9ducation internationale de qualit\u00e9.\" \/>\n<meta property=\"og:url\" content=\"https:\/\/www.iberonex.com\/fr\/organe-de-gouvernance\/\" \/>\n<meta property=\"og:site_name\" content=\"IBERONEX\" \/>\n<meta property=\"article:modified_time\" content=\"2025-11-28T08:25:09+00:00\" \/>\n<meta name=\"twitter:card\" content=\"summary_large_image\" \/>\n<!-- \/ Yoast SEO Premium plugin. -->","yoast_head_json":{"title":"Organe de gouvernance - IBERONEX","description":"Apprenez-en plus sur la structure de gouvernance d\u2019Iberonex et son engagement envers une \u00e9ducation internationale de qualit\u00e9.","robots":{"index":"index","follow":"follow","max-snippet":"max-snippet:-1","max-image-preview":"max-image-preview:large","max-video-preview":"max-video-preview:-1"},"canonical":"https:\/\/www.iberonex.com\/fr\/organe-de-gouvernance\/","og_locale":"fr_FR","og_type":"article","og_title":"Organe de gouvernance","og_description":"Apprenez-en plus sur la structure de gouvernance d\u2019Iberonex et son engagement envers une \u00e9ducation internationale de qualit\u00e9.","og_url":"https:\/\/www.iberonex.com\/fr\/organe-de-gouvernance\/","og_site_name":"IBERONEX","article_modified_time":"2025-11-28T08:25:09+00:00","twitter_card":"summary_large_image","schema":{"@context":"https:\/\/schema.org","@graph":[{"@type":"WebPage","@id":"https:\/\/www.iberonex.com\/fr\/organe-de-gouvernance\/","url":"https:\/\/www.iberonex.com\/fr\/organe-de-gouvernance\/","name":"Organe de gouvernance - IBERONEX","isPartOf":{"@id":"https:\/\/www.iberonex.com\/fr\/#website"},"datePublished":"2023-09-10T15:57:47+00:00","dateModified":"2025-11-28T08:25:09+00:00","description":"Apprenez-en plus sur la structure de gouvernance d\u2019Iberonex et son engagement envers une \u00e9ducation internationale de qualit\u00e9.","breadcrumb":{"@id":"https:\/\/www.iberonex.com\/fr\/organe-de-gouvernance\/#breadcrumb"},"inLanguage":"fr-FR","potentialAction":[{"@type":"ReadAction","target":["https:\/\/www.iberonex.com\/fr\/organe-de-gouvernance\/"]}]},{"@type":"BreadcrumbList","@id":"https:\/\/www.iberonex.com\/fr\/organe-de-gouvernance\/#breadcrumb","itemListElement":[{"@type":"ListItem","position":1,"name":"Portada","item":"https:\/\/www.iberonex.com\/fr\/"},{"@type":"ListItem","position":2,"name":"Organe de gouvernance"}]},{"@type":"WebSite","@id":"https:\/\/www.iberonex.com\/fr\/#website","url":"https:\/\/www.iberonex.com\/fr\/","name":"IBERONEX","description":"Universidades Internacionales Virtuales y Presenciales - Iberonex","potentialAction":[{"@type":"SearchAction","target":{"@type":"EntryPoint","urlTemplate":"https:\/\/www.iberonex.com\/fr\/?s={search_term_string}"},"query-input":{"@type":"PropertyValueSpecification","valueRequired":true,"valueName":"search_term_string"}}],"inLanguage":"fr-FR"}]}},"_links":{"self":[{"href":"https:\/\/www.iberonex.com\/fr\/wp-json\/wp\/v2\/pages\/10836","targetHints":{"allow":["GET"]}}],"collection":[{"href":"https:\/\/www.iberonex.com\/fr\/wp-json\/wp\/v2\/pages"}],"about":[{"href":"https:\/\/www.iberonex.com\/fr\/wp-json\/wp\/v2\/types\/page"}],"author":[{"embeddable":true,"href":"https:\/\/www.iberonex.com\/fr\/wp-json\/wp\/v2\/users\/2"}],"replies":[{"embeddable":true,"href":"https:\/\/www.iberonex.com\/fr\/wp-json\/wp\/v2\/comments?post=10836"}],"version-history":[{"count":5,"href":"https:\/\/www.iberonex.com\/fr\/wp-json\/wp\/v2\/pages\/10836\/revisions"}],"predecessor-version":[{"id":11910,"href":"https:\/\/www.iberonex.com\/fr\/wp-json\/wp\/v2\/pages\/10836\/revisions\/11910"}],"wp:attachment":[{"href":"https:\/\/www.iberonex.com\/fr\/wp-json\/wp\/v2\/media?parent=10836"}],"curies":[{"name":"wp","href":"https:\/\/api.w.org\/{rel}","templated":true}]}}