{"id":10846,"date":"2023-09-10T17:15:44","date_gmt":"2023-09-10T17:15:44","guid":{"rendered":"https:\/\/www.iberonex.com\/?page_id=10846"},"modified":"2025-11-28T08:26:36","modified_gmt":"2025-11-28T08:26:36","slug":"que-proposons-nous","status":"publish","type":"page","link":"https:\/\/www.iberonex.com\/fr\/que-proposons-nous\/","title":{"rendered":"Que proposons-nous ?"},"content":{"rendered":"\n\n\n\n<div id=\"HeroOver\">\n<div class=\"container-fluid text-center mb-lg-1 mx-0 px-0 \" id=\"\">    \n\t<div class=\"row content mx-0 mr-0\">\n\t\t<div class=\"col-sm-12 text-left px-0\"> \n\t\t\t<div class=\"hero-wrap\">\n                                <div class=\"hero-img\" style=\"background-image:url(https:\/\/www.iberonex.com\/wp-content\/uploads\/2023\/08\/ibx-hero-fondo-scaled.jpg)\">\n                                        <div class=\"hero-overlay\" style=\"opacity: 0.4\"><\/div>\n                                <\/div>\n                             <div class=\"jumbo-texto\">\n                                 <div class=\"container px-xx\">\n                                    <div class=\"row py-4 py-lg-0\">\n                                        <div class=\"col-12 col-lg-6 pt-4 pt-0 text-start\">\n                                             <div class=\"jumbo-texto-wrap\">\n                                                <h1 class=\"font-1 text-white size-32 size-lg-40 w-400 text-start line-h-100 pb-0 mb-1 mb-lg-2\">\n                                                Que proposons-nous ?                                                <\/h1>\n                                                <p class=\"font-2 mt-0 mt-lg-0 size-24 size-lg-26 text-yellow line-h-110\">Une formation continue pour <br \/>\r\ndynamiser votre carri\u00e8re<\/p>\n                                            <\/div>\n                                        <\/div> \n                                        <div class=\"col-12 col-lg-6\">\n                                             <div class=\"hero-img-pill\" style=\"background-image:url(https:\/\/www.iberonex.com\/wp-content\/uploads\/2023\/11\/ix-interior-7-1150x675.jpg)\"><\/div>\n                                        <\/div>\n                                    <\/div>\n                                 \n                                 <\/div>\n                                \n                            <\/div>\n                        <\/div>\n\t\t<\/div>\n\t<\/div>\n<\/div>\n<\/div><!-- fin HeroOver -->\n\n\n\n    <section class=\"breadcrumb pt-3 pb-1\" id=\"\">\n        <div class=\"container\">\n            <div class=\"row\">\n                <ul class=\"\">\n                    <li><a href=\"https:\/\/www.iberonex.com\/fr\/\">Accueil<\/a><\/li>\n\t\t\t\t\t<li class=''>Que proposons-nous ?<\/li>                <\/ul>\n            <\/div>\n            <hr>\n        <\/div>     \n    <\/section>\n\n\n\n\n\n\n\n<div id=\"Empleabilidad\">\n    <div class=\"block-text block-texto-cols py-4 py-lg-5 blanco \" id=\"\">\n        <div class=\"container px-xx\">\n            \n                        \n           \n            \n            <div class=\"row w-inerith\">\n                <div class=\"col mb-0 pb-4 pb-lg-0 pr-0 pr-lg-4 empleo-contenido\">\n                    <h2><span lang=\"EN-US\">L\u2019\u00e9ducation et la formation<br \/>\ntout au long de la vie\u00a0<\/span><\/h2>\n<p>Dans un monde professionnel en constante \u00e9volution, il est essentiel d\u2019actualiser r\u00e9guli\u00e8rement ses comp\u00e9tences pour rester performant. L\u2019apprentissage tout au long de la vie permet de se maintenir \u00e0 jour sur les enjeux cl\u00e9s du march\u00e9, d\u2019\u00e9largir ses connaissances et de renforcer sa productivit\u00e9, sa cr\u00e9ativit\u00e9 et sa comp\u00e9titivit\u00e9.<\/p>\n<p>Les programmes que nous proposons \u2014 enseign\u00e9s et certifi\u00e9s par des institutions de renomm\u00e9e internationale \u2014 offrent une voie solide vers la sp\u00e9cialisation et le d\u00e9veloppement professionnel, vous assurant un v\u00e9ritable avantage concurrentiel pour saisir de nouvelles opportunit\u00e9s de carri\u00e8re.<\/p>\n                <\/div>\n                <div class=\"col\">\n\n                                    <div class=\"row d-flex empleo-pill rounded-m f-white px-3 py-3 mb-3\">\n                        <div class=\"col-4 text-center block-txtcols-col\">\n                            <span class=\"d-block font-1 text-yellow size-34 pr-3 w-600\">82%<\/span>\n                        <\/div>\n                        <div class=\"col-8 d-flex align-items-center block-txtcols-col\">\n                            <div>\n                                <span class=\"d-block font-1 line-h-110 text-blue size-16 w-600\">des cadres estiment que l\u2019apprentissage tout au long de la vie est indispensable pour rester comp\u00e9titif. <\/span>\n                                <span class=\"d-block font-3 text-black opacity-6 size-12 w-400 mt-1\">The Economist Intelligence Unit<\/span>\n                            <\/div>\n                        <\/div>\n                    <\/div>\n\n                                    <div class=\"row d-flex empleo-pill rounded-m f-white px-3 py-3 mb-3\">\n                        <div class=\"col-4 text-center block-txtcols-col\">\n                            <span class=\"d-block font-1 text-yellow size-34 pr-3 w-600\">+9%<\/span>\n                        <\/div>\n                        <div class=\"col-8 d-flex align-items-center block-txtcols-col\">\n                            <div>\n                                <span class=\"d-block font-1 line-h-110 text-blue size-16 w-600\">d\u2019augmentation de salaire pour ceux qui suivent une formation continue.<\/span>\n                                <span class=\"d-block font-3 text-black opacity-6 size-12 w-400 mt-1\">OCDE<\/span>\n                            <\/div>\n                        <\/div>\n                    <\/div>\n\n                                    <div class=\"row d-flex empleo-pill rounded-m f-white px-3 py-3 mb-3\">\n                        <div class=\"col-4 text-center block-txtcols-col\">\n                            <span class=\"d-block font-1 text-yellow size-34 pr-3 w-600\">44%<\/span>\n                        <\/div>\n                        <div class=\"col-8 d-flex align-items-center block-txtcols-col\">\n                            <div>\n                                <span class=\"d-block font-1 line-h-110 text-blue size-16 w-600\">des professionnels verront leurs comp\u00e9tences cl\u00e9s \u00e9voluer dans les 5 prochaines ann\u00e9es. <\/span>\n                                <span class=\"d-block font-3 text-black opacity-6 size-12 w-400 mt-1\">World Economic Forum<\/span>\n                            <\/div>\n                        <\/div>\n                    <\/div>\n\n                                 <\/div>\n\n            <\/div>\n        <\/div>\n    <\/div>\n<\/div>\n\n\n\n\n\n\n\n\n<div class=\"MenuTabsSlider stickytabs py-0 py-lg-0 \" id=\"\">\n    <div class=\"\">\n        <div class=\"wrapper\" id=\"TabsSlider\">\n            <div class=\"container\">\n                <div class=\"row\">\n                    <div class=\"col\">\n                        <div class=\"tabs-wrapper\">\n                            <figure class=\"left scroller-btn\">\n                                 <svg width=\"41\" height=\"41\" viewBox=\"0 0 41 41\" fill=\"none\" xmlns=\"http:\/\/www.w3.org\/2000\/svg\">\n                                    <circle cx=\"20.5\" cy=\"20.5\" r=\"20.5\" fill=\"#FEBF00\"\/>\n                                    <path d=\"M28.1868 20.5H13.666M28.1868 20.5L24.038 24.7708M28.1868 20.5L24.038 16.2291\" stroke=\"#001A72\" stroke-width=\"1.5\" stroke-linecap=\"round\" stroke-linejoin=\"round\"\/>\n                                <\/svg>\n                           <\/figure>\n                            <ul id=\"scroller\" class=\"nav nav-tabs\">\n                            <li class='active'><a data-toggle='tab' data-tab='xxben' href='#xxben' class='menutab'>Avantages<\/a><\/li><li class=''><a data-toggle='tab' data-tab='xxmet' href='#xxmet' class='menutab'>M\u00e9thodologie<\/a><\/li><li class=''><a data-toggle='tab' data-tab='xxdir' href='#xxdir' class='menutab'>\u00c0 qui s\u2019adressent ces programmes ?<\/a><\/li>                            <\/ul>\n                            <figure  id=\"right\" class=\"right scroller-btn\">\n                                <svg width=\"41\" height=\"41\" viewBox=\"0 0 41 41\" fill=\"none\" xmlns=\"http:\/\/www.w3.org\/2000\/svg\">\n                                    <circle cx=\"20.5\" cy=\"20.5\" r=\"20.5\" fill=\"#FEBF00\"\/>\n                                    <path d=\"M28.1868 20.5H13.666M28.1868 20.5L24.038 24.7708M28.1868 20.5L24.038 16.2291\" stroke=\"#001A72\" stroke-width=\"1.5\" stroke-linecap=\"round\" stroke-linejoin=\"round\"\/>\n                                <\/svg>\n                            <\/figure>\n                        <\/div>\n                    <\/div>\n                <\/div>\n            <\/div>\n        <\/div>\n    <\/div>\n<\/div>\n<script>\njQuery(document).ready(function( $ ) {\n\t$(\"a.menutab\").click(function(e) {\n\t\te.preventDefault();\n\t\t\n\t\t$(\"#TabsSlider li.active\").removeClass(\"active\");\n\t\tlet tab_id = $(this).data(\"tab\");\n\t\t$(\"html, body\").animate({ scrollTop: $(\"#\" + tab_id).offset().top - 206 }, 150);\n\t\t$(this).parent().addClass(\"active\");\n\t});\n    \/*-------------------*\/ \n    \n    \n    var tabwrapWidth= $('.tabs-wrapper').outerWidth();\n    var totalWidth=0;\n    jQuery(\"ul li\").each(function() { \n      totalWidth += jQuery(this).outerWidth(); \n    });\n    if(totalWidth > tabwrapWidth){\n      $('.scroller-btn').removeClass('inactive');\n    }\n    else{\n      $('.scroller-btn').addClass('inactive');\n    }\n\n    if($(\"#scroller\").scrollLeft() == 0 ){\n      $('.scroller-btn.left').addClass('inactive');\n    }\n    else{\n       $('.scroller-btn.left').removeClass('inactive');\n    }\n\t\tvar liWidth= $('#scroller li').outerWidth();\n\t\tvar liCount= $('#scroller li').length;\n\t\tvar scrollWidth = liWidth * liCount;\n\n\t\t\t\t$('.right').on('click', function(){\n          $('.nav-tabs').animate({scrollLeft: '+=250px'}, 300);\n          \/\/console.log($(\"#scroller\").scrollLeft() + \" px\");\n                    \n\t\t\t\t});\n\t\t\t\t\n\t\t\t\t$('.left').on('click', function(){\n\t\t\t\t\t$('.nav-tabs').animate({scrollLeft: '-=250px'}, 300);\n\t\t\t\t});\n      scrollerHide()\n     \n      function scrollerHide(){\n        var scrollLeftPrev = 0;\n        $('#scroller').scroll(function () {\n            var $elem=$('#scroller');\n            var newScrollLeft = $elem.scrollLeft(),\n                width=$elem.outerWidth(),\n                scrollWidth=$elem.get(0).scrollWidth;\n            if (scrollWidth-newScrollLeft==width) {\n                $('.right.scroller-btn').addClass('inactive');\n            }\n            else{\n\n                 $('.right.scroller-btn').removeClass('inactive');\n            }\n            if (newScrollLeft === 0) {\n              $('.left.scroller-btn').addClass('inactive');\n            }\n            else{\n\n                 $('.left.scroller-btn').removeClass('inactive');\n            }\n            scrollLeftPrev = newScrollLeft;\n        });\n      }\n    \n    \n    \n    \n    \n    \n    \n    \n    \n    \n    \/*--------------------*\/\n})\n<\/script>\n\n\n\n\n\n<div class=\"block-text py-0 py-lg-0 f-light-blue \" id=\"xxben\"><!-- h-element- -->\n    <div class=\"container px-xx py-0\">\n\n        <div class=\"row\">\n\n\n\n                            <div class=\"col-12 col-izq\">\n                    \n\n\n\n                    <h2><\/h2>\n<h2><span lang=\"EN-US\">Les b\u00e9n\u00e9fices de la formation continue pour votre \u00e9volution professionnelle<\/span><\/h2>\n<ul>\n<li>Suivez les tendances du march\u00e9 pour actualiser vos comp\u00e9tences.<\/li>\n<li>Obtenez une certification et valorisez votre profil aupr\u00e8s des recruteurs.<\/li>\n<li>Adaptez votre parcours aux \u00e9volutions du march\u00e9 du travail.<\/li>\n<li>D\u00e9veloppez votre r\u00e9seau professionnel et vos \u00e9changes d\u2019exp\u00e9riences.<\/li>\n<li>Donnez un nouvel \u00e9lan \u00e0 votre carri\u00e8re avec une approche concr\u00e8te et internationale.<\/li>\n<\/ul>\n                    \n\n                                <\/div>\n            \n\n\n\n        <\/div>\n    <\/div>\n<\/div>\n\n\n\n\n\n\n\n\n\n<div class=\"block-separador py-0 py-lg-0  \" id=\"\">\n    <div class=\"                    container-fluid\n                  px-xx\">\n        <div class=\"row\">\n            <div class=\"col\">\n                                    <hr>\n                 \n            <\/div>\n        <\/div>\n    <\/div>\n<\/div>\n\n\n\n\n\n\n\n\n\n<div class=\"block-text block-texto-rows py-4 py-lg-5 blanco \" id=\"xxmet\"><!-- h-element- -->\n\t<div class=\"container px-xx pt-1 pb-1 py-lg-1\">  \n    \n        \n            <div class=\"row w-inerith\">\n                <div class=\"col-12 col-lg-4 col-der pr-0 pr-lg-3\">\n                    <h2 class=\"mb-4 mb-lg-0\">\n                    M\u00e9thodologie<\/h2>\n                <\/div>\n                <div class=\"col-12 col-lg-8 col-izq\">\n\n            <!--\/\/\/\/\/\/\/\/\/\/\/\/\/\/\/\/\/\/\/\/\/\/\/\/\/\/\/\/\/\/\/-->\n\n                    \n                <div class=\"row py-0  pb-0 \">\n                    <div class=\"col block-texto-rows-subtitle text-start line-h-110\">\n                    <p>Nos programmes adoptent une approche tr\u00e8s pratique, ax\u00e9e sur l\u2019\u00e9tude de cas r\u00e9els, pour un apprentissage directement applicable en entreprise. Ils sont propos\u00e9s au format ex\u00e9cutif, avec des classes virtuelles en direct sur une dur\u00e9e de 12 \u00e0 16 semaines, s\u2019adaptant \u00e0 tous les rythmes de vie.<\/p>\n<p>Les formations sont dispens\u00e9es en ligne et\/ou en format hybride par des \u00e9tablissements de renomm\u00e9e mondiale, favorisant les \u00e9changes entre pairs \u00e0 l\u2019\u00e9chelle internationale dans un cadre d\u2019apprentissage collaboratif.<\/p>\n<p><img loading=\"lazy\" decoding=\"async\" class=\"alignnone wp-image-5415 size-full rounded-m mt-5\" src=\"https:\/\/www.iberonex.com\/wp-content\/uploads\/2023\/10\/metodologia-online-2-300x99.jpg\" alt=\"metodologia-online\" width=\"733\" height=\"242\" srcset=\"https:\/\/www.iberonex.com\/wp-content\/uploads\/2023\/10\/metodologia-online-2-300x99.jpg 300w, https:\/\/www.iberonex.com\/wp-content\/uploads\/2023\/10\/metodologia-online-2-768x254.jpg 768w, https:\/\/www.iberonex.com\/wp-content\/uploads\/2023\/10\/metodologia-online-2-1024x339.jpg 1024w, https:\/\/www.iberonex.com\/wp-content\/uploads\/2023\/10\/metodologia-online-2.jpg 1380w\" sizes=\"auto, (max-width: 733px) 100vw, 733px\" \/><\/p>\n<p>&nbsp;<\/p>\n                        \n                                            \n                    <\/div>                \n                <\/div>\n             \n             <!--\/\/\/\/\/\/\/\/\/\/\/\/\/\/\/\/\/\/\/\/\/\/\/\/\/\/\/\/\/\/\/-->   \n                    \n                     \n        \n        \n  \n        <!--\/\/\/\/\/\/\/\/\/\/\/\/\/\/\/\/\/\/\/\/\/\/\/\/\/\/\/\/\/\/\/-->\n        <\/div>\n<\/div>\n        \n        \n\t<\/div>\n<\/div>\n\n\n\n\n\n\n\n<div class=\"block-text py-0 py-lg-0  \" id=\"xxdir\"><!-- h-element- -->\n    <div class=\"container px-xx py-0\">\n\n        <div class=\"row\">\n\n\n\n                            <div class=\"col-12 col-izq\">\n                    \n\n\n\n                    <h2><span lang=\"EN-US\">\u00c0 qui s\u2019adressent ces programmes ?<\/span><\/h2>\n<ul>\n<li>Aux professionnels \u00e0 tout stade de leur carri\u00e8re souhaitant se r\u00e9orienter, progresser ou \u00e9largir leurs comp\u00e9tences.<\/li>\n<li>Aux dipl\u00f4m\u00e9s universitaires avec une premi\u00e8re exp\u00e9rience, cherchant \u00e0 se sp\u00e9cialiser dans un domaine.<\/li>\n<li>\u00c0 ceux qui visent un d\u00e9veloppement professionnel sur le march\u00e9 international.<\/li>\n<li>Aux professionnels en transition de carri\u00e8re.<\/li>\n<\/ul>\n                    \n\n                                <\/div>\n            \n\n\n\n        <\/div>\n    <\/div>\n<\/div>\n\n\n\n\n\n\n\n\n\n<div class=\"block-separador py-3 py-lg-3  \" id=\"\">\n    <div class=\"container   px-xx\">\n        <div class=\"row\">\n            <div class=\"col\">\n                 \n            <\/div>\n        <\/div>\n    <\/div>\n<\/div>\n\n","protected":false},"excerpt":{"rendered":"","protected":false},"author":2,"featured_media":0,"parent":0,"menu_order":0,"comment_status":"closed","ping_status":"closed","template":"","meta":{"footnotes":""},"class_list":["post-10846","page","type-page","status-publish","hentry"],"acf":[],"yoast_head":"<!-- This site is optimized with the Yoast SEO Premium plugin v24.5 (Yoast SEO v25.1) - https:\/\/yoast.com\/wordpress\/plugins\/seo\/ -->\n<title>Que proposons-nous ? - IBERONEX<\/title>\n<meta name=\"description\" content=\"D\u00e9couvrez les programmes et services qu\u2019IBERONEX propose pour renforcer la formation continue et la coop\u00e9ration acad\u00e9mique internationale.\" \/>\n<meta name=\"robots\" content=\"index, follow, max-snippet:-1, max-image-preview:large, max-video-preview:-1\" \/>\n<link rel=\"canonical\" href=\"https:\/\/www.iberonex.com\/fr\/que-proposons-nous\/\" \/>\n<meta property=\"og:locale\" content=\"fr_FR\" \/>\n<meta property=\"og:type\" content=\"article\" \/>\n<meta property=\"og:title\" content=\"Que proposons-nous ?\" \/>\n<meta property=\"og:description\" content=\"D\u00e9couvrez les programmes et services qu\u2019IBERONEX propose pour renforcer la formation continue et la coop\u00e9ration acad\u00e9mique internationale.\" \/>\n<meta property=\"og:url\" content=\"https:\/\/www.iberonex.com\/fr\/que-proposons-nous\/\" \/>\n<meta property=\"og:site_name\" content=\"IBERONEX\" \/>\n<meta property=\"article:modified_time\" content=\"2025-11-28T08:26:36+00:00\" \/>\n<meta name=\"twitter:card\" content=\"summary_large_image\" \/>\n<!-- \/ Yoast SEO Premium plugin. -->","yoast_head_json":{"title":"Que proposons-nous ? - IBERONEX","description":"D\u00e9couvrez les programmes et services qu\u2019IBERONEX propose pour renforcer la formation continue et la coop\u00e9ration acad\u00e9mique internationale.","robots":{"index":"index","follow":"follow","max-snippet":"max-snippet:-1","max-image-preview":"max-image-preview:large","max-video-preview":"max-video-preview:-1"},"canonical":"https:\/\/www.iberonex.com\/fr\/que-proposons-nous\/","og_locale":"fr_FR","og_type":"article","og_title":"Que proposons-nous ?","og_description":"D\u00e9couvrez les programmes et services qu\u2019IBERONEX propose pour renforcer la formation continue et la coop\u00e9ration acad\u00e9mique internationale.","og_url":"https:\/\/www.iberonex.com\/fr\/que-proposons-nous\/","og_site_name":"IBERONEX","article_modified_time":"2025-11-28T08:26:36+00:00","twitter_card":"summary_large_image","schema":{"@context":"https:\/\/schema.org","@graph":[{"@type":"WebPage","@id":"https:\/\/www.iberonex.com\/fr\/que-proposons-nous\/","url":"https:\/\/www.iberonex.com\/fr\/que-proposons-nous\/","name":"Que proposons-nous ? - IBERONEX","isPartOf":{"@id":"https:\/\/www.iberonex.com\/fr\/#website"},"datePublished":"2023-09-10T17:15:44+00:00","dateModified":"2025-11-28T08:26:36+00:00","description":"D\u00e9couvrez les programmes et services qu\u2019IBERONEX propose pour renforcer la formation continue et la coop\u00e9ration acad\u00e9mique internationale.","breadcrumb":{"@id":"https:\/\/www.iberonex.com\/fr\/que-proposons-nous\/#breadcrumb"},"inLanguage":"fr-FR","potentialAction":[{"@type":"ReadAction","target":["https:\/\/www.iberonex.com\/fr\/que-proposons-nous\/"]}]},{"@type":"BreadcrumbList","@id":"https:\/\/www.iberonex.com\/fr\/que-proposons-nous\/#breadcrumb","itemListElement":[{"@type":"ListItem","position":1,"name":"Portada","item":"https:\/\/www.iberonex.com\/fr\/"},{"@type":"ListItem","position":2,"name":"Que proposons-nous ?"}]},{"@type":"WebSite","@id":"https:\/\/www.iberonex.com\/fr\/#website","url":"https:\/\/www.iberonex.com\/fr\/","name":"IBERONEX","description":"Universidades Internacionales Virtuales y Presenciales - Iberonex","potentialAction":[{"@type":"SearchAction","target":{"@type":"EntryPoint","urlTemplate":"https:\/\/www.iberonex.com\/fr\/?s={search_term_string}"},"query-input":{"@type":"PropertyValueSpecification","valueRequired":true,"valueName":"search_term_string"}}],"inLanguage":"fr-FR"}]}},"_links":{"self":[{"href":"https:\/\/www.iberonex.com\/fr\/wp-json\/wp\/v2\/pages\/10846","targetHints":{"allow":["GET"]}}],"collection":[{"href":"https:\/\/www.iberonex.com\/fr\/wp-json\/wp\/v2\/pages"}],"about":[{"href":"https:\/\/www.iberonex.com\/fr\/wp-json\/wp\/v2\/types\/page"}],"author":[{"embeddable":true,"href":"https:\/\/www.iberonex.com\/fr\/wp-json\/wp\/v2\/users\/2"}],"replies":[{"embeddable":true,"href":"https:\/\/www.iberonex.com\/fr\/wp-json\/wp\/v2\/comments?post=10846"}],"version-history":[{"count":26,"href":"https:\/\/www.iberonex.com\/fr\/wp-json\/wp\/v2\/pages\/10846\/revisions"}],"predecessor-version":[{"id":10872,"href":"https:\/\/www.iberonex.com\/fr\/wp-json\/wp\/v2\/pages\/10846\/revisions\/10872"}],"wp:attachment":[{"href":"https:\/\/www.iberonex.com\/fr\/wp-json\/wp\/v2\/media?parent=10846"}],"curies":[{"name":"wp","href":"https:\/\/api.w.org\/{rel}","templated":true}]}}