{"id":11153,"date":"2023-09-04T17:28:15","date_gmt":"2023-09-04T17:28:15","guid":{"rendered":"https:\/\/www.iberonex.com\/?page_id=11153"},"modified":"2025-05-08T07:35:30","modified_gmt":"2025-05-08T07:35:30","slug":"politique-de-cookies","status":"publish","type":"page","link":"https:\/\/www.iberonex.com\/fr\/politique-de-cookies\/","title":{"rendered":"Politique de Cookies"},"content":{"rendered":"\n\n\n<div class=\"block-text py-7 py-lg-6  \" id=\"\"><!-- h-element- -->\n    <div class=\"container px-xx py-0\">\n\n        <div class=\"row\">\n\n\n\n                            <div class=\"col-12 col-izq\">\n                    \n\n\n\n                    <h1 class=\"heading\">Politique de Cookies<\/h1>\n<p>L&rsquo;utilisateur est averti que ce site web utilise des cookies. Les cookies sont de petits fichiers de donn\u00e9es qui s&rsquo;installent sur l&rsquo;ordinateur de l&rsquo;utilisateur et qui lui permettent de stocker les informations g\u00e9n\u00e9r\u00e9es par son activit\u00e9 sur le web. Les cookies permettent \u00e0 un site web, entre autres, de stocker et de r\u00e9cup\u00e9rer des informations sur les habitudes de navigation d&rsquo;un utilisateur ou de son ordinateur et, en fonction des informations qu&rsquo;ils contiennent et de la mani\u00e8re dont il utilise son ordinateur, ils peuvent \u00eatre utilis\u00e9s pour reconna\u00eetre l&rsquo;utilisateur.<\/p>\n<p>Ce site web peut utiliser les cookies suivants :<\/p>\n<h3>En fonction de l&rsquo;entit\u00e9 qui les g\u00e8re :<\/h3>\n<p>&nbsp;<\/p>\n<ul>\n<li><strong>Cookies propres :<\/strong><br \/>\nCe sont ceux qui sont envoy\u00e9s \u00e0 l&rsquo;\u00e9quipement terminal de l&rsquo;utilisateur \u00e0 partir d&rsquo;un ordinateur ou d&rsquo;un domaine g\u00e9r\u00e9 par l&rsquo;\u00e9diteur lui-m\u00eame et \u00e0 partir duquel le service demand\u00e9 par l&rsquo;utilisateur est fourni.<\/li>\n<li><strong>Cookies de tiers :<\/strong><br \/>\nCe sont ceux qui sont envoy\u00e9s \u00e0 l&rsquo;\u00e9quipement terminal de l&rsquo;utilisateur \u00e0 partir d&rsquo;un ordinateur ou d&rsquo;un domaine qui n&rsquo;est pas g\u00e9r\u00e9 par l&rsquo;\u00e9diteur, mais par une autre entit\u00e9 qui traite les donn\u00e9es obtenues par le biais des cookies.<\/li>\n<\/ul>\n<p>&nbsp;<\/p>\n<p>Veuillez noter que si vous acceptez les cookies de tiers, vous devrez les supprimer \u00e0 partir des options de votre navigateur ou du syst\u00e8me propos\u00e9 par le tiers lui-m\u00eame.<\/p>\n<p>&nbsp;<\/p>\n<h3>En fonction de leur objectif :<\/h3>\n<p>&nbsp;<\/p>\n<ul>\n<li><strong>Cookies techniques :<\/strong><br \/>\nCe sont ceux qui permettent \u00e0 l&rsquo;utilisateur de naviguer sur un site web, une plateforme ou une application et l&rsquo;utilisation des diff\u00e9rentes options ou services qui y existent, y compris ceux que l&rsquo;\u00e9diteur utilise pour permettre la gestion et le fonctionnement du site web et permettre ses fonctions et services , comme par exemple, contr\u00f4ler le trafic et la communication des donn\u00e9es, identifier la session, acc\u00e9der \u00e0 des parties d&rsquo;acc\u00e8s restreint, m\u00e9moriser les \u00e9l\u00e9ments qui composent une commande, r\u00e9aliser le processus d&rsquo;achat d&rsquo;une commande, g\u00e9rer le paiement, contr\u00f4ler la fraude li\u00e9e \u00e0 la s\u00e9curit\u00e9 du service, effectuer la demande d&rsquo;inscription ou de participation \u00e0 un \u00e9v\u00e9nement, comptabiliser les visites aux fins de la facturation des licences du logiciel avec lequel le service fonctionne (site web, plateforme ou application), utiliser des \u00e9l\u00e9ments de s\u00e9curit\u00e9 lors de la navigation, stocker des contenus pour la diffusion de vid\u00e9os ou de sons, permettre un contenu dynamique (par exemple, l&rsquo;animation du chargement d&rsquo;un texte ou d&rsquo;une image) ou partager des contenus par le biais des r\u00e9seaux sociaux. Appartiennent \u00e9galement \u00e0 cette cat\u00e9gorie, en raison de leur nature technique, les cookies qui permettent de g\u00e9rer, de la mani\u00e8re la plus efficace possible, les espaces publicitaires que, comme autre \u00e9l\u00e9ment de conception ou \u00ab\u00a0layout\u00a0\u00bb du service offert \u00e0 l&rsquo;utilisateur, l&rsquo;\u00e9diteur a inclus sur un site web, une application ou une plateforme en fonction de crit\u00e8res tels que le contenu \u00e9dit\u00e9, sans collecter d&rsquo;informations aupr\u00e8s des utilisateurs \u00e0 d&rsquo;autres fins, telles que la personnalisation de ce contenu publicitaire ou d&rsquo;autres contenus.<\/li>\n<li><strong>Cookies de pr\u00e9f\u00e9rence ou de personnalisation :<\/strong><br \/>\nIl s&rsquo;agit de ceux qui permettent de m\u00e9moriser des informations afin que l&rsquo;utilisateur acc\u00e8de au service avec certaines caract\u00e9ristiques qui peuvent diff\u00e9rencier son exp\u00e9rience de celle d&rsquo;autres utilisateurs, comme, par exemple, la langue, le nombre de r\u00e9sultats \u00e0 afficher lorsque l&rsquo;utilisateur effectue une recherche, l&rsquo;apparence ou le contenu du service en fonction du type de navigateur par lequel l&rsquo;utilisateur acc\u00e8de au service ou de la r\u00e9gion \u00e0 partir de laquelle il acc\u00e8de au service, etc.<\/li>\n<li><strong>Cookies d&rsquo;analyse ou de mesure :<\/strong><br \/>\nCe sont ceux qui permettent au responsable de suivre et d&rsquo;analyser le comportement des utilisateurs du site web auquel ils sont li\u00e9s, y compris la quantification des impacts des publicit\u00e9s. Les informations collect\u00e9es par ce type de cookies sont utilis\u00e9es pour mesurer l&rsquo;activit\u00e9 du site web, de l&rsquo;application ou de la plateforme afin d&rsquo;apporter des am\u00e9liorations bas\u00e9es sur l&rsquo;analyse des donn\u00e9es relatives \u00e0 l&rsquo;utilisation faite par les utilisateurs du service.<\/li>\n<\/ul>\n<p>Le site web peut utiliser les informations relatives \u00e0 votre visite pour effectuer des \u00e9valuations et des calculs statistiques sur des donn\u00e9es anonymes, ainsi que pour assurer la continuit\u00e9 du service ou pour apporter des am\u00e9liorations \u00e0 ses sites web. Ces informations ne seront pas utilis\u00e9es \u00e0 d&rsquo;autres fins.<\/p>\n<p>&nbsp;<\/p>\n<ul>\n<li><strong>Cookies publicitaires :<\/strong><br \/>\nLes cookies publicitaires nous permettent de g\u00e9rer, de la mani\u00e8re la plus efficace possible, les espaces publicitaires inclus sur notre site web, sur la base de crit\u00e8res tels que le contenu \u00e9dit\u00e9 ou la fr\u00e9quence \u00e0 laquelle les publicit\u00e9s sont affich\u00e9es.<\/li>\n<li><strong>Cookies de publicit\u00e9 comportementale :<\/strong><br \/>\nCe sont ceux qui nous permettent de g\u00e9rer efficacement les espaces publicitaires inclus sur ce site web. Ces cookies stockent des informations sur votre comportement obtenues gr\u00e2ce \u00e0 l&rsquo;observation continue de vos habitudes de navigation, ce qui nous permet de d\u00e9velopper un profil sp\u00e9cifique pour vous montrer de la publicit\u00e9 en fonction de celui-ci.<\/li>\n<\/ul>\n<p>&nbsp;<\/p>\n<h3>En fonction de la dur\u00e9e pendant laquelle ils restent activ\u00e9s dans l&rsquo;\u00e9quipement terminal :<\/h3>\n<p>&nbsp;<\/p>\n<ul>\n<li><strong>Les cookies de session :<\/strong><br \/>\nIls sont con\u00e7us pour collecter et stocker des donn\u00e9es pendant que l&rsquo;utilisateur acc\u00e8de \u00e0 un site web. Ils sont g\u00e9n\u00e9ralement utilis\u00e9s pour stocker des informations qui ne doivent \u00eatre conserv\u00e9es que pour la fourniture du service demand\u00e9 par l&rsquo;utilisateur \u00e0 une seule occasion (par exemple, une liste de produits achet\u00e9s) et disparaissent \u00e0 la fin de la session.<\/li>\n<li><strong>Cookies persistants :<\/strong><br \/>\nIl s&rsquo;agit de cookies dans lesquels les donn\u00e9es restent stock\u00e9es dans le terminal et peuvent \u00eatre consult\u00e9es et trait\u00e9es pendant une p\u00e9riode d\u00e9finie par le responsable du cookie, qui peut aller de quelques minutes \u00e0 plusieurs ann\u00e9es.<\/li>\n<li><strong>Cookies utilis\u00e9s sur ce site web<\/strong><br \/>\nLe tableau suivant identifie les cookies utilis\u00e9s sur le site web, en distinguant s&rsquo;il s&rsquo;agit de cookies propres ou de provenant de tiers (et en identifiant le tiers sous contrat ou dont vous avez d\u00e9cid\u00e9 d&rsquo;utiliser les services) et leur finalit\u00e9 :<\/li>\n<li><strong>Gestion des cookies<\/strong><br \/>\nDans tous les cas, l&rsquo;utilisateur a la possibilit\u00e9 de configurer son panneau pour g\u00e9rer l&rsquo;installation des cookies et emp\u00eacher leur installation sur son ordinateur.<\/li>\n<\/ul>\n<p>Toutefois, m\u00eame si vous avez d\u00e9sactiv\u00e9 tous les cookies, le navigateur web recueille certaines informations essentielles au fonctionnement de base du site web.<\/p>\n<p>Les cookies peuvent \u00e9galement \u00eatre bloqu\u00e9s ou d\u00e9sactiv\u00e9s \u00e0 l&rsquo;aide des outils de configuration de votre navigateur. Votre navigateur vous permet de refuser l&rsquo;installation de tous les cookies ou de choisir de ne refuser que certains d&rsquo;entre eux.<\/p>\n<p>&nbsp;<\/p>\n<p>Pour plus d&rsquo;informations, veuillez consulter les instructions et les manuels de votre navigateur :<\/p>\n<ul>\n<li>Si vous utilisez Microsoft Internet Explorer, dans le menu Outils, s\u00e9lectionnez Options Internet et allez dans Confidentialit\u00e9.<\/li>\n<li>Si vous utilisez Firefox pour Mac, sous l&rsquo;option de menu Pr\u00e9f\u00e9rences, s\u00e9lectionnez Confidentialit\u00e9, acc\u00e9dez \u00e0 la section Afficher les cookies, et pour Windows, sous l&rsquo;option de menu Outils, s\u00e9lectionnez Options, acc\u00e9dez \u00e0 Confidentialit\u00e9, puis Utiliser les param\u00e8tres personnalis\u00e9s pour l&rsquo;historique.<\/li>\n<li>Si vous utilisez Safari, sous l&rsquo;option de menu Pr\u00e9f\u00e9rences, s\u00e9lectionnez Confidentialit\u00e9.<\/li>\n<li>Si vous utilisez Google Chrome, dans le menu Outils, s\u00e9lectionnez Options (Pr\u00e9f\u00e9rences sur Mac), acc\u00e9dez \u00e0 Avanc\u00e9, puis \u00e0 l&rsquo;option Param\u00e8tres de contenu dans la section Confidentialit\u00e9, et enfin cochez Cookies dans la bo\u00eete de dialogue Param\u00e8tres de contenu.<\/li>\n<\/ul>\n<p>Enfin, nous vous informons que vous pouvez \u00e0 tout moment r\u00e9voquer votre consentement \u00e0 l&rsquo;utilisation de cookies en configurant votre navigateur ou votre panneau de contr\u00f4le dans les conditions d\u00e9crites au point pr\u00e9c\u00e9dent.<\/p>\n                    \n\n                                <\/div>\n            \n\n\n\n        <\/div>\n    <\/div>\n<\/div>\n\n\n","protected":false},"excerpt":{"rendered":"","protected":false},"author":2,"featured_media":0,"parent":0,"menu_order":0,"comment_status":"closed","ping_status":"closed","template":"","meta":{"footnotes":""},"class_list":["post-11153","page","type-page","status-publish","hentry"],"acf":[],"yoast_head":"<!-- This site is optimized with the Yoast SEO Premium plugin v24.5 (Yoast SEO v25.1) - https:\/\/yoast.com\/wordpress\/plugins\/seo\/ -->\n<title>Politique de Cookies - IBERONEX<\/title>\n<meta name=\"description\" content=\"Les cookies sont de petits fichiers de donn\u00e9es qui permettent \u00e0 l&#039;utilisateur de stocker les informations g\u00e9n\u00e9r\u00e9es par son activit\u00e9 sur le r\u00e9seau.\" \/>\n<meta name=\"robots\" content=\"index, follow, max-snippet:-1, max-image-preview:large, max-video-preview:-1\" \/>\n<link rel=\"canonical\" href=\"https:\/\/www.iberonex.com\/fr\/politique-de-cookies\/\" \/>\n<meta property=\"og:locale\" content=\"fr_FR\" \/>\n<meta property=\"og:type\" content=\"article\" \/>\n<meta property=\"og:title\" content=\"Politique de Cookies\" \/>\n<meta property=\"og:description\" content=\"Les cookies sont de petits fichiers de donn\u00e9es qui permettent \u00e0 l&#039;utilisateur de stocker les informations g\u00e9n\u00e9r\u00e9es par son activit\u00e9 sur le r\u00e9seau.\" \/>\n<meta property=\"og:url\" content=\"https:\/\/www.iberonex.com\/fr\/politique-de-cookies\/\" \/>\n<meta property=\"og:site_name\" content=\"IBERONEX\" \/>\n<meta property=\"article:modified_time\" content=\"2025-05-08T07:35:30+00:00\" \/>\n<meta name=\"twitter:card\" content=\"summary_large_image\" \/>\n<!-- \/ Yoast SEO Premium plugin. -->","yoast_head_json":{"title":"Politique de Cookies - IBERONEX","description":"Les cookies sont de petits fichiers de donn\u00e9es qui permettent \u00e0 l'utilisateur de stocker les informations g\u00e9n\u00e9r\u00e9es par son activit\u00e9 sur le r\u00e9seau.","robots":{"index":"index","follow":"follow","max-snippet":"max-snippet:-1","max-image-preview":"max-image-preview:large","max-video-preview":"max-video-preview:-1"},"canonical":"https:\/\/www.iberonex.com\/fr\/politique-de-cookies\/","og_locale":"fr_FR","og_type":"article","og_title":"Politique de Cookies","og_description":"Les cookies sont de petits fichiers de donn\u00e9es qui permettent \u00e0 l'utilisateur de stocker les informations g\u00e9n\u00e9r\u00e9es par son activit\u00e9 sur le r\u00e9seau.","og_url":"https:\/\/www.iberonex.com\/fr\/politique-de-cookies\/","og_site_name":"IBERONEX","article_modified_time":"2025-05-08T07:35:30+00:00","twitter_card":"summary_large_image","schema":{"@context":"https:\/\/schema.org","@graph":[{"@type":"WebPage","@id":"https:\/\/www.iberonex.com\/fr\/politique-de-cookies\/","url":"https:\/\/www.iberonex.com\/fr\/politique-de-cookies\/","name":"Politique de Cookies - IBERONEX","isPartOf":{"@id":"https:\/\/www.iberonex.com\/fr\/#website"},"datePublished":"2023-09-04T17:28:15+00:00","dateModified":"2025-05-08T07:35:30+00:00","description":"Les cookies sont de petits fichiers de donn\u00e9es qui permettent \u00e0 l'utilisateur de stocker les informations g\u00e9n\u00e9r\u00e9es par son activit\u00e9 sur le r\u00e9seau.","breadcrumb":{"@id":"https:\/\/www.iberonex.com\/fr\/politique-de-cookies\/#breadcrumb"},"inLanguage":"fr-FR","potentialAction":[{"@type":"ReadAction","target":["https:\/\/www.iberonex.com\/fr\/politique-de-cookies\/"]}]},{"@type":"BreadcrumbList","@id":"https:\/\/www.iberonex.com\/fr\/politique-de-cookies\/#breadcrumb","itemListElement":[{"@type":"ListItem","position":1,"name":"Portada","item":"https:\/\/www.iberonex.com\/fr\/"},{"@type":"ListItem","position":2,"name":"Politique de Cookies"}]},{"@type":"WebSite","@id":"https:\/\/www.iberonex.com\/fr\/#website","url":"https:\/\/www.iberonex.com\/fr\/","name":"IBERONEX","description":"Universidades Internacionales Virtuales y Presenciales - Iberonex","potentialAction":[{"@type":"SearchAction","target":{"@type":"EntryPoint","urlTemplate":"https:\/\/www.iberonex.com\/fr\/?s={search_term_string}"},"query-input":{"@type":"PropertyValueSpecification","valueRequired":true,"valueName":"search_term_string"}}],"inLanguage":"fr-FR"}]}},"_links":{"self":[{"href":"https:\/\/www.iberonex.com\/fr\/wp-json\/wp\/v2\/pages\/11153","targetHints":{"allow":["GET"]}}],"collection":[{"href":"https:\/\/www.iberonex.com\/fr\/wp-json\/wp\/v2\/pages"}],"about":[{"href":"https:\/\/www.iberonex.com\/fr\/wp-json\/wp\/v2\/types\/page"}],"author":[{"embeddable":true,"href":"https:\/\/www.iberonex.com\/fr\/wp-json\/wp\/v2\/users\/2"}],"replies":[{"embeddable":true,"href":"https:\/\/www.iberonex.com\/fr\/wp-json\/wp\/v2\/comments?post=11153"}],"version-history":[{"count":22,"href":"https:\/\/www.iberonex.com\/fr\/wp-json\/wp\/v2\/pages\/11153\/revisions"}],"predecessor-version":[{"id":11175,"href":"https:\/\/www.iberonex.com\/fr\/wp-json\/wp\/v2\/pages\/11153\/revisions\/11175"}],"wp:attachment":[{"href":"https:\/\/www.iberonex.com\/fr\/wp-json\/wp\/v2\/media?parent=11153"}],"curies":[{"name":"wp","href":"https:\/\/api.w.org\/{rel}","templated":true}]}}