{"id":11204,"date":"2023-09-04T17:39:52","date_gmt":"2023-09-04T17:39:52","guid":{"rendered":"https:\/\/www.iberonex.com\/?page_id=11204"},"modified":"2025-05-12T12:21:05","modified_gmt":"2025-05-12T12:21:05","slug":"conditions-dutilisation","status":"publish","type":"page","link":"https:\/\/www.iberonex.com\/fr\/conditions-dutilisation\/","title":{"rendered":"Conditions d&rsquo;utilisation"},"content":{"rendered":"\n\n\n<div class=\"block-text py-7 py-lg-6  \" id=\"\"><!-- h-element- -->\n    <div class=\"container px-xx py-0\">\n\n        <div class=\"row\">\n\n\n\n                            <div class=\"col-12 col-izq\">\n                    \n\n\n\n                    <h1>Conditions d&rsquo;utilisation<\/h1>\n<h3>1) Donn\u00e9es d&rsquo;identification<\/h3>\n<p>Vous visitez le site Internet <a href=\"https:\/\/www.iberonex.com\/\">www.iberonex.com <\/a>appartenant \u00e0 POLARIS MINOR, S.L. (ci-apr\u00e8s d\u00e9nomm\u00e9e LA SOCI\u00c9T\u00c9).<\/p>\n<p>Adresse postale : Av. Diagonal 662-664, 08034, Barcelone, Espagne<\/p>\n<p>Adresse \u00e9lectronique : info@iberonex.com<\/p>\n<p>C.I.F. : B65923690<\/p>\n<p>Donn\u00e9es mercantiles : Registre mercantile de Barcelone, Hoja B-431458 Tomo 44730 Folio 219 Inscripci\u00f3n 16<\/p>\n<h3>2) Acceptation par l&rsquo;utilisateur<\/h3>\n<p>Les pr\u00e9sentes Conditions d&rsquo;Utilisation r\u00e9gissent l&rsquo;acc\u00e8s et l&rsquo;utilisation du site Internet <a href=\"https:\/\/www.iberonex.com\/\">www.iberonex.com <\/a>(ci-apr\u00e8s le \u00ab\u00a0Site Internet\u00a0\u00bb) que LA COMPAGNIE met \u00e0 la disposition des internautes. L&rsquo;acc\u00e8s au Site Internet implique l&rsquo;acceptation sans r\u00e9serve des pr\u00e9sentes Conditions d&rsquo;Utilisation.<\/p>\n<p>LA SOCI\u00c9T\u00c9 peut offrir des services par le biais du site Internet qui peuvent \u00eatre soumis \u00e0 des conditions sp\u00e9cifiques, dont l&rsquo;Utilisateur sera inform\u00e9 dans chaque cas particulier.<\/p>\n<h3>3) Acc\u00e8s au site web et mots de passe<\/h3>\n<p>En g\u00e9n\u00e9ral, il n&rsquo;est pas n\u00e9cessaire de s&rsquo;inscrire ou de s&rsquo;enregistrer au pr\u00e9alable en tant qu&rsquo;utilisateur pour acc\u00e9der au site web et l&rsquo;utiliser, sans pr\u00e9judice du fait que cette inscription ou cet enregistrement est n\u00e9cessaire pour l&rsquo;utilisation de certains services ou contenus du site web.<\/p>\n<p>Les donn\u00e9es des utilisateurs obtenues par le biais de la souscription ou de l&rsquo;enregistrement sur ce site web sont prot\u00e9g\u00e9es par des mots de passe choisis par les utilisateurs eux-m\u00eames. L&rsquo;Utilisateur s&rsquo;engage \u00e0 garder son mot de passe secret et \u00e0 le prot\u00e9ger contre toute utilisation non autoris\u00e9e par des tiers. L&rsquo;Utilisateur doit notifier imm\u00e9diatement \u00e0 LA SOCI\u00c9T\u00c9 toute utilisation non autoris\u00e9e de son compte ou toute violation de la s\u00e9curit\u00e9 li\u00e9e au service du site web dont il a connaissance.<\/p>\n<p>L&rsquo;ENTREPRISE adopte les mesures techniques et organisationnelles n\u00e9cessaires pour garantir la protection des donn\u00e9es personnelles et pour \u00e9viter leur alt\u00e9ration, perte, traitement et\/ou acc\u00e8s non autoris\u00e9, en tenant compte de l&rsquo;\u00e9tat de la technique, de la nature des donn\u00e9es stock\u00e9es et des risques auxquels elles sont expos\u00e9es, le tout conform\u00e9ment aux dispositions de la l\u00e9gislation espagnole sur la protection des donn\u00e9es personnelles.<\/p>\n<p>LA COMPAGNIE ne sera pas responsable envers les Utilisateurs de la divulgation de leurs donn\u00e9es personnelles \u00e0 des tiers qui n?est pas due \u00e0 des causes directement imputables \u00e0 LA COMPAGNIE, ni de l?utilisation de ces donn\u00e9es par des tiers en dehors de LA COMPAGNIE<\/p>\n<h3>4) Utilisation correcte du site web<\/h3>\n<p>L&rsquo;utilisateur s&rsquo;engage \u00e0 utiliser le site web, ses contenus et ses services conform\u00e9ment \u00e0 la loi, aux pr\u00e9sentes conditions d&rsquo;utilisation, aux bonnes coutumes et \u00e0 l&rsquo;ordre public. De m\u00eame, l&rsquo;utilisateur s&rsquo;engage \u00e0 ne pas utiliser le site web, ses contenus ou les services fournis par son interm\u00e9diaire \u00e0 des fins ou effets illicites ou contraires au contenu des pr\u00e9sentes conditions d&rsquo;utilisation, pr\u00e9judiciables aux int\u00e9r\u00eats ou aux droits de tiers, ou susceptibles d&rsquo;endommager, de rendre inaccessible ou de d\u00e9t\u00e9riorer le site web, ses contenus ou ses services, ou d&#8217;emp\u00eacher la jouissance normale de ces derniers par d&rsquo;autres utilisateurs.<\/p>\n<p>De m\u00eame, l&rsquo;utilisateur s&rsquo;engage express\u00e9ment \u00e0 ne pas d\u00e9truire, alt\u00e9rer, rendre inutilisable ou endommager de quelque mani\u00e8re que ce soit les donn\u00e9es, programmes ou documents \u00e9lectroniques contenus sur le site web.<\/p>\n<p>L&rsquo;Utilisateur s&rsquo;engage \u00e0 ne pas entraver l&rsquo;acc\u00e8s des autres Utilisateurs par le biais d&rsquo;une consommation massive des ressources informatiques par le biais desquelles LA COMPAGNIE fournit le service, ou \u00e0 effectuer des actions qui endommagent, interrompent ou g\u00e9n\u00e8rent des erreurs dans lesdits syst\u00e8mes ou services.<\/p>\n<p>L&rsquo;Utilisateur s&rsquo;engage \u00e0 ne pas introduire de programmes, virus, macros, applets, contr\u00f4les ActiveX ou tout autre dispositif logique ou s\u00e9quence de caract\u00e8res qui causent ou sont susceptibles de causer tout type d&rsquo;alt\u00e9ration dans les syst\u00e8mes informatiques de LA COMPAGNIE ou de tiers.<\/p>\n<h3>5) Publicit\u00e9<\/h3>\n<p>Une partie du site peut contenir de la publicit\u00e9 ou \u00eatre parrain\u00e9e. Il incombe exclusivement aux annonceurs et aux sponsors de s&rsquo;assurer que le mat\u00e9riel soumis pour inclusion sur le site web est conforme \u00e0 toutes les lois applicables.<\/p>\n<p>L&rsquo;entreprise n&rsquo;est pas responsable des erreurs, impr\u00e9cisions ou irr\u00e9gularit\u00e9s qui peuvent \u00eatre incluses dans le contenu publicitaire ou celui des sponsors. En tout \u00e9tat de cause, pour introduire toute r\u00e9clamation relative au contenu publicitaire ins\u00e9r\u00e9 dans ce site web, veuillez contacter l&rsquo;adresse \u00e9lectronique suivante : <a href=\"mailto:info@iberonex.com\">info@iberonex.com<\/a><\/p>\n<h3>6) Liens avec des tiers<\/h3>\n<p>Les pr\u00e9sentes conditions d&rsquo;utilisation se r\u00e9f\u00e8rent uniquement au site web et au contenu de LA COMPAGNIE, et ne s&rsquo;appliquent pas aux liens ou aux sites web de tiers accessibles par le biais du site web.<\/p>\n<p>Les destinations de ces liens ne sont pas sous le contr\u00f4le de la COMPAGNIE, et la COMPAGNIE n&rsquo;est pas responsable du contenu de tout site web li\u00e9, ou de tout lien contenu dans un site web accessible \u00e0 partir du site web de la COMPAGNIE, ou de tout changement ou mise \u00e0 jour de ces sites web.<\/p>\n<p>Ces liens sont fournis uniquement pour informer l&rsquo;Utilisateur de l&rsquo;existence d&rsquo;autres sources d&rsquo;information sur un sujet particulier, et l&rsquo;inclusion d&rsquo;un lien n&rsquo;implique pas l&rsquo;approbation du site web li\u00e9 par la COMPAGNIE.<\/p>\n<h3>7) Propri\u00e9t\u00e9 intellectuelle et industrielle<\/h3>\n<p>Tout le contenu du Site Internet, sauf indication contraire, est la propri\u00e9t\u00e9 exclusive de LA COMPAGNIE, y compris, mais sans s&rsquo;y limiter, la conception graphique, le code source, les logos, les textes, les graphiques, les illustrations, les photographies et les autres \u00e9l\u00e9ments qui apparaissent sur le Site Internet.<\/p>\n<p>De m\u00eame, tous les noms commerciaux, marques ou signes distinctifs de toute nature contenus dans le site web sont prot\u00e9g\u00e9s par la loi.<\/p>\n<p>LA COMPAGNIE n?accorde aucun type de licence ou d?autorisation d?utilisation personnelle \u00e0 l?Utilisateur sur ses droits de propri\u00e9t\u00e9 intellectuelle et industrielle ou sur tout autre droit li\u00e9 \u00e0 son Site Internet et aux services qui y sont offerts.<\/p>\n<p>Par cons\u00e9quent, l&rsquo;Utilisateur reconna\u00eet que la reproduction, la distribution, la commercialisation, la transformation et, en g\u00e9n\u00e9ral, toute autre forme d&rsquo;exploitation, par quelque moyen que ce soit, de tout ou partie du contenu de ce Site Internet constitue une infraction aux droits de propri\u00e9t\u00e9 intellectuelle et\/ou industrielle de LA SOCIETE ou de son propri\u00e9taire.<\/p>\n<h3>8) Forums ou blogs<\/h3>\n<p>LA SOCI\u00c9T\u00c9 offre aux utilisateurs la possibilit\u00e9 d&rsquo;introduire des commentaires et\/ou de soumettre des photographies \u00e0 inclure dans les sections correspondantes, ainsi que de participer \u00e0 des forums de discussion et de tenir des conversations avec d&rsquo;autres utilisateurs. La publication de commentaires et\/ou de photographies est soumise aux pr\u00e9sentes conditions d&rsquo;utilisation.<\/p>\n<p>La personne identifi\u00e9e dans chaque cas comme \u00e9tant celle qui a fait les commentaires et\/ou envoy\u00e9 les photographies en est responsable. Les commentaires et\/ou les photographies ne refl\u00e8tent pas l&rsquo;opinion de LA COMPAGNIE, et LA COMPAGNIE ne fait aucune d\u00e9claration \u00e0 cet \u00e9gard.<\/p>\n<p>LA SOCIETE n&rsquo;est pas responsable, sauf dans la mesure requise par la loi, des erreurs, inexactitudes ou irr\u00e9gularit\u00e9s qui peuvent \u00eatre contenues dans les commentaires et\/ou les photographies, ou des dommages qui peuvent \u00eatre caus\u00e9s par l&rsquo;inclusion des commentaires et\/ou des photographies dans le Forum ou dans les autres sections du site web qui permettent ce type de services et de contenu.<\/p>\n<p>L&rsquo;Utilisateur qui fournit le texte et\/ou les photographies accorde \u00e0 LA SOCI\u00c9T\u00c9 les droits de reproduction, d&rsquo;utilisation, de distribution, de communication publique et de tout type d&rsquo;activit\u00e9 sur ceux-ci, que ce soit en format \u00e9lectronique, num\u00e9rique ou papier, ou sur tout autre type de support. Et, en particulier, l&rsquo;Utilisateur accorde lesdits droits pour le placement du texte et\/ou des photographies sur le Site Internet, afin que d&rsquo;autres Utilisateurs puissent y avoir acc\u00e8s.<\/p>\n<p>L&rsquo;Utilisateur fournisseur d\u00e9clare \u00eatre le propri\u00e9taire des droits sur les textes ou les photographies ou, le cas \u00e9ch\u00e9ant, garantit qu&rsquo;il dispose des droits et autorisations n\u00e9cessaires de la part de l&rsquo;auteur ou du propri\u00e9taire du texte et\/ou des photographies pour leur utilisation par L&rsquo;ENTREPRISE par le biais du site web.<\/p>\n<p>L&rsquo;ENTREPRISE n&rsquo;est pas responsable, sauf dans la mesure requise par la loi, des dommages qui pourraient \u00eatre caus\u00e9s par l&rsquo;utilisation, la reproduction, la distribution ou la communication publique ou tout autre type d&rsquo;activit\u00e9 effectu\u00e9e sur les textes et\/ou les photographies qui sont prot\u00e9g\u00e9s par des droits de propri\u00e9t\u00e9 intellectuelle ou d&rsquo;image appartenant \u00e0 des tiers, sans que l&rsquo;Utilisateur ait pr\u00e9alablement obtenu l&rsquo;autorisation n\u00e9cessaire des propri\u00e9taires pour effectuer l&rsquo;utilisation qu&rsquo;il fait ou qu&rsquo;il a l&rsquo;intention de faire.<\/p>\n<p>De m\u00eame, LA COMPAGNIE se r\u00e9serve le droit de supprimer unilat\u00e9ralement les commentaires et\/ou photographies h\u00e9berg\u00e9s dans n?importe quelle section du site web lorsqu?il y a des indications que les commentaires et\/ou photographies enfreignent toute disposition l\u00e9gale, violent les droits de tiers, ou sont utilis\u00e9s \u00e0 des fins publicitaires (spam), ainsi que lorsque LA COMPAGNIE le juge appropri\u00e9.<\/p>\n<p>LA COMPAGNIE ne sera pas responsable des informations envoy\u00e9es par l&rsquo;Utilisateur lorsqu&rsquo;elle n&rsquo;a pas une connaissance r\u00e9elle que les informations stock\u00e9es sont ill\u00e9gales ou qu&rsquo;elles portent atteinte \u00e0 la propri\u00e9t\u00e9 ou aux droits d&rsquo;un tiers susceptible d&rsquo;\u00eatre d\u00e9dommag\u00e9. D\u00e8s que LA COMPAGNIE a connaissance du fait qu?elle h\u00e9berge des donn\u00e9es telles que celles mentionn\u00e9es ci-dessus, elle s?engage \u00e0 agir avec diligence pour les supprimer ou en rendre l?acc\u00e8s impossible.<\/p>\n<p>En tout \u00e9tat de cause, pour d\u00e9poser une plainte relative aux contenus ins\u00e9r\u00e9s dans l&rsquo;une des sections, vous pouvez le faire en contactant l&rsquo;adresse \u00e9lectronique suivante : <a href=\"mailto:info@iberonex.com\">info@iberonex.com<\/a><\/p>\n<h3>9) R\u00e9seaux sociaux<\/h3>\n<p>L&rsquo;utilisateur peut adh\u00e9rer aux Groupes que SOCIEDAD PLANETA poss\u00e8de dans diff\u00e9rents r\u00e9seaux sociaux, ainsi qu&rsquo;\u00e0 sa propre Communaut\u00e9 virtuelle d\u00e9crite dans la section pr\u00e9c\u00e9dente, afin d&rsquo;obtenir des informations relatives \u00e0 la marque.<\/p>\n<p>Les utilisateurs qui deviennent fans du groupe SOCIEDAD PLANETA acceptent les conditions d&rsquo;utilisation et la politique de confidentialit\u00e9 du r\u00e9seau social correspondant.<\/p>\n<h3>10) Protection des donn\u00e9es \u00e0 caract\u00e8re personnel<\/h3>\n<p>Ce site Web recueille des donn\u00e9es personnelles aupr\u00e8s des utilisateurs, et nous demandons donc \u00e0 ces derniers de lire attentivement notre <a href=\"https:\/\/www.iberonex.com\/fr\/politique-de-confidentialite\/\">politique de confidentialit\u00e9,<\/a> ainsi que les diff\u00e9rentes clauses informatives qui accompagnent chacun des diff\u00e9rents formulaires pr\u00e9vus pour la collecte de donn\u00e9es personnelles.<\/p>\n<p>Nous vous informons \u00e9galement que la COMPAGNIE utilise des cookies pour collecter des informations sur les utilisateurs et enregistre les adresses IP d&rsquo;acc\u00e8s, raison pour laquelle nous demandons \u00e9galement \u00e0 l&rsquo;utilisateur de lire attentivement notre <a href=\"https:\/\/www.iberonex.com\/fr\/politique-de-cookies\/\">Politique en mati\u00e8re de cookies.<\/a><\/p>\n<p>L&rsquo;utilisateur est inform\u00e9 que, dans tous les cas, les donn\u00e9es personnelles collect\u00e9es par le biais de ce site Web seront trait\u00e9es conform\u00e9ment aux dispositions du R\u00e8glement g\u00e9n\u00e9ral sur la protection des donn\u00e9es personnelles et de la l\u00e9gislation espagnole applicable, et aux fins indiqu\u00e9es dans la politique de confidentialit\u00e9 et la politique relative aux cookies susmentionn\u00e9es.<\/p>\n<h3>\u00a011) Cookies<\/h3>\n<p>Ce site web utilise des cookies. Les cookies sont de petits fichiers de donn\u00e9es qui sont g\u00e9n\u00e9r\u00e9s dans l&rsquo;ordinateur de l&rsquo;utilisateur et qui nous permettent de conna\u00eetre les informations suivantes :<\/p>\n<p>&#8211; La date et l&rsquo;heure de la derni\u00e8re visite de l&rsquo;utilisateur sur notre site web.<\/p>\n<p>&#8211; La conception du contenu choisie par l&rsquo;utilisateur lors de sa derni\u00e8re visite sur notre site web.<\/p>\n<p>&#8211; \u00c9l\u00e9ments de s\u00e9curit\u00e9 impliqu\u00e9s dans le contr\u00f4le de l&rsquo;acc\u00e8s aux zones restreintes.<\/p>\n<p>L&rsquo;utilisateur a la possibilit\u00e9 d&#8217;emp\u00eacher la g\u00e9n\u00e9ration de cookies en s\u00e9lectionnant l&rsquo;option correspondante dans son navigateur.<\/p>\n<p>Si vous souhaitez en savoir plus sur la mani\u00e8re dont ce site web utilise les cookies, veuillez lire la politique sp\u00e9cifique en mati\u00e8re de cookies<\/p>\n<h3>12) Modification des conditions d&rsquo;utilisation<\/h3>\n<p>La soci\u00e9t\u00e9 se r\u00e9serve le droit de d\u00e9velopper ou de mettre \u00e0 jour les conditions d&rsquo;utilisation de ce site web \u00e0 tout moment et vous devez donc les lire r\u00e9guli\u00e8rement.<\/p>\n<h3>13) Droit applicable et juridiction<\/h3>\n<p>La relation entre LA COMPAGNIE et l&rsquo;Utilisateur sera r\u00e9gie par la l\u00e9gislation espagnole en vigueur et tout litige sera soumis aux Cours et Tribunaux du domicile de l&rsquo;Utilisateur.<\/p>\n<p>LA SOCIETE poursuivra toute violation des pr\u00e9sentes Conditions d&rsquo;utilisation ainsi que toute utilisation inappropri\u00e9e du site web, en exer\u00e7ant toutes les actions civiles et p\u00e9nales auxquelles elle peut pr\u00e9tendre et auxquelles elle a droit en vertu de la loi.<\/p>\n<p>&nbsp;<\/p>\n                    \n\n                                <\/div>\n            \n\n\n\n        <\/div>\n    <\/div>\n<\/div>\n\n\n","protected":false},"excerpt":{"rendered":"","protected":false},"author":2,"featured_media":0,"parent":0,"menu_order":0,"comment_status":"closed","ping_status":"closed","template":"","meta":{"footnotes":""},"class_list":["post-11204","page","type-page","status-publish","hentry"],"acf":[],"yoast_head":"<!-- This site is optimized with the Yoast SEO Premium plugin v24.5 (Yoast SEO v25.1) - https:\/\/yoast.com\/wordpress\/plugins\/seo\/ -->\n<title>Conditions d&#039;utilisation - IBERONEX<\/title>\n<meta name=\"description\" content=\"Les pr\u00e9sentes conditions d&#039;utilisation r\u00e9gissent l&#039;acc\u00e8s et l&#039;utilisation du site web www.iberonex.com mis \u00e0 la disposition des utilisateurs d&#039;Internet.\" \/>\n<meta name=\"robots\" content=\"index, follow, max-snippet:-1, max-image-preview:large, max-video-preview:-1\" \/>\n<link rel=\"canonical\" href=\"https:\/\/www.iberonex.com\/fr\/conditions-dutilisation\/\" \/>\n<meta property=\"og:locale\" content=\"fr_FR\" \/>\n<meta property=\"og:type\" content=\"article\" \/>\n<meta property=\"og:title\" content=\"Conditions d&#039;utilisation\" \/>\n<meta property=\"og:description\" content=\"Les pr\u00e9sentes conditions d&#039;utilisation r\u00e9gissent l&#039;acc\u00e8s et l&#039;utilisation du site web www.iberonex.com mis \u00e0 la disposition des utilisateurs d&#039;Internet.\" \/>\n<meta property=\"og:url\" content=\"https:\/\/www.iberonex.com\/fr\/conditions-dutilisation\/\" \/>\n<meta property=\"og:site_name\" content=\"IBERONEX\" \/>\n<meta property=\"article:modified_time\" content=\"2025-05-12T12:21:05+00:00\" \/>\n<meta name=\"twitter:card\" content=\"summary_large_image\" \/>\n<!-- \/ Yoast SEO Premium plugin. -->","yoast_head_json":{"title":"Conditions d'utilisation - IBERONEX","description":"Les pr\u00e9sentes conditions d'utilisation r\u00e9gissent l'acc\u00e8s et l'utilisation du site web www.iberonex.com mis \u00e0 la disposition des utilisateurs d'Internet.","robots":{"index":"index","follow":"follow","max-snippet":"max-snippet:-1","max-image-preview":"max-image-preview:large","max-video-preview":"max-video-preview:-1"},"canonical":"https:\/\/www.iberonex.com\/fr\/conditions-dutilisation\/","og_locale":"fr_FR","og_type":"article","og_title":"Conditions d'utilisation","og_description":"Les pr\u00e9sentes conditions d'utilisation r\u00e9gissent l'acc\u00e8s et l'utilisation du site web www.iberonex.com mis \u00e0 la disposition des utilisateurs d'Internet.","og_url":"https:\/\/www.iberonex.com\/fr\/conditions-dutilisation\/","og_site_name":"IBERONEX","article_modified_time":"2025-05-12T12:21:05+00:00","twitter_card":"summary_large_image","schema":{"@context":"https:\/\/schema.org","@graph":[{"@type":"WebPage","@id":"https:\/\/www.iberonex.com\/fr\/conditions-dutilisation\/","url":"https:\/\/www.iberonex.com\/fr\/conditions-dutilisation\/","name":"Conditions d'utilisation - IBERONEX","isPartOf":{"@id":"https:\/\/www.iberonex.com\/fr\/#website"},"datePublished":"2023-09-04T17:39:52+00:00","dateModified":"2025-05-12T12:21:05+00:00","description":"Les pr\u00e9sentes conditions d'utilisation r\u00e9gissent l'acc\u00e8s et l'utilisation du site web www.iberonex.com mis \u00e0 la disposition des utilisateurs d'Internet.","breadcrumb":{"@id":"https:\/\/www.iberonex.com\/fr\/conditions-dutilisation\/#breadcrumb"},"inLanguage":"fr-FR","potentialAction":[{"@type":"ReadAction","target":["https:\/\/www.iberonex.com\/fr\/conditions-dutilisation\/"]}]},{"@type":"BreadcrumbList","@id":"https:\/\/www.iberonex.com\/fr\/conditions-dutilisation\/#breadcrumb","itemListElement":[{"@type":"ListItem","position":1,"name":"Portada","item":"https:\/\/www.iberonex.com\/fr\/"},{"@type":"ListItem","position":2,"name":"Conditions d&#8217;utilisation"}]},{"@type":"WebSite","@id":"https:\/\/www.iberonex.com\/fr\/#website","url":"https:\/\/www.iberonex.com\/fr\/","name":"IBERONEX","description":"Universidades Internacionales Virtuales y Presenciales - Iberonex","potentialAction":[{"@type":"SearchAction","target":{"@type":"EntryPoint","urlTemplate":"https:\/\/www.iberonex.com\/fr\/?s={search_term_string}"},"query-input":{"@type":"PropertyValueSpecification","valueRequired":true,"valueName":"search_term_string"}}],"inLanguage":"fr-FR"}]}},"_links":{"self":[{"href":"https:\/\/www.iberonex.com\/fr\/wp-json\/wp\/v2\/pages\/11204","targetHints":{"allow":["GET"]}}],"collection":[{"href":"https:\/\/www.iberonex.com\/fr\/wp-json\/wp\/v2\/pages"}],"about":[{"href":"https:\/\/www.iberonex.com\/fr\/wp-json\/wp\/v2\/types\/page"}],"author":[{"embeddable":true,"href":"https:\/\/www.iberonex.com\/fr\/wp-json\/wp\/v2\/users\/2"}],"replies":[{"embeddable":true,"href":"https:\/\/www.iberonex.com\/fr\/wp-json\/wp\/v2\/comments?post=11204"}],"version-history":[{"count":6,"href":"https:\/\/www.iberonex.com\/fr\/wp-json\/wp\/v2\/pages\/11204\/revisions"}],"predecessor-version":[{"id":11362,"href":"https:\/\/www.iberonex.com\/fr\/wp-json\/wp\/v2\/pages\/11204\/revisions\/11362"}],"wp:attachment":[{"href":"https:\/\/www.iberonex.com\/fr\/wp-json\/wp\/v2\/media?parent=11204"}],"curies":[{"name":"wp","href":"https:\/\/api.w.org\/{rel}","templated":true}]}}